{"id":17039,"date":"2020-03-03T16:28:10","date_gmt":"2020-03-03T16:28:10","guid":{"rendered":"https:\/\/clinicadentalnaveiras.com\/?page_id=17039"},"modified":"2025-06-24T07:21:29","modified_gmt":"2025-06-24T07:21:29","slug":"start","status":"publish","type":"page","link":"https:\/\/clinicadentalnaveiras.com\/de\/","title":{"rendered":"START"},"content":{"rendered":"<div class=\"wpb-content-wrapper\"><p>[vc_row css_animation=&#8220;&#8220; row_type=&#8220;row&#8220; use_row_as_full_screen_section=&#8220;no&#8220; type=&#8220;grid&#8220; angled_section=&#8220;no&#8220; text_align=&#8220;left&#8220; background_image_as_pattern=&#8220;without_pattern&#8220; border_color=&#8220;#e6e4e4&#8243; padding_top=&#8220;63&#8243; padding_bottom=&#8220;84&#8243;][vc_column][vc_column_text]<\/p>\n<h2 style=\"text-align: center;\">AUSGEW\u00c4HLTE LEISTUNGEN<\/h2>\n<p>[\/vc_column_text][vc_separator type=&#8220;small&#8220; position=&#8220;center&#8220; up=&#8220;17&#8243; down=&#8220;29&#8243;][vc_column_text]<\/p>\n<h4 style=\"text-align: center;\">Wir haben eine Vielzahl von Dienstleistungen mit den neuesten Technologien durchgef\u00fchrt und exklusiv f\u00fcr Sie konzipiert.<\/h4>\n<p>[\/vc_column_text][vc_separator type=&#8220;transparent&#8220; up=&#8220;35&#8243; down=&#8220;75&#8243;][vc_row_inner row_type=&#8220;row&#8220; type=&#8220;full_width&#8220; text_align=&#8220;left&#8220; css_animation=&#8220;&#8220;][vc_column_inner width=&#8220;1\/4&#8243;]<div class='q_icon_with_title very_large circle center '><div class=\"icon_holder \" style=\"margin: 0px 0px 32px 0px; \"><span data-icon-type=\"circle\" class=\"qode_iwt_icon_holder fa-stack fa-5x  \" style=\"font-size: 74px;border-color: #a6a7ab\"><i class=\"qode_icon_font_awesome fa fa-object-group qode_iwt_icon_element\" style=\"font-size: 55px;color: #a6a7ab\"><\/i><\/span><\/div><div class=\"icon_text_holder\" style=\"\"><div class=\"icon_text_inner\" style=\"\"><h5 class=\"icon_title\" style=\"\">3D SCANNER<\/h5><p style=''>Die neue Technologie des 3D-Scanners erm\u00f6glicht es dem Fachmann, eine virtuelle anatomische Rekonstruktion des Oberkiefer-Unterkiefer-Bereichs durchzuf\u00fchren, die mehr Informationen liefert, um jede Art von Operation richtig zu planen.<\/p><\/div><\/div><\/div>[vc_separator type=&#8220;transparent&#8220; up=&#8220;24&#8243; down=&#8220;0&#8243;][\/vc_column_inner][vc_column_inner width=&#8220;1\/4&#8243;]<div class='q_icon_with_title very_large circle center '><div class=\"icon_holder \" style=\"margin: 0px 0px 32px 0px; \"><span data-icon-type=\"circle\" data-icon-hover-color=\"#cccccc\" data-icon-hover-bg-color=\"#cccccc\" class=\"qode_iwt_icon_holder fa-stack fa-5x  \" style=\"font-size: 74px;border-color: #a6a7ab\"><i class=\"qode_icon_font_awesome fa fa-eur qode_iwt_icon_element\" style=\"font-size: 55px;color: #a6a7ab\"><\/i><\/span><\/div><div class=\"icon_text_holder\" style=\"\"><div class=\"icon_text_inner\" style=\"\"><h5 class=\"icon_title\" style=\"\">WIRTSCHAFTLICHE EINRICHTUNGEN<\/h5><p style=''>Wir bieten individuelle Zahlungsoptionen an, sodass wir Ihnen raten, die verschiedenen M\u00f6glichkeiten zu pr\u00fcfen, die f\u00fcr Ihren speziellen Fall geeignet sind.<\/p><\/div><\/div><\/div>[vc_separator type=&#8220;transparent&#8220; up=&#8220;24&#8243; down=&#8220;0&#8243;][\/vc_column_inner][vc_column_inner width=&#8220;1\/4&#8243;]<div class='q_icon_with_title very_large circle center '><div class=\"icon_holder \" style=\"margin: 0px 0px 32px 0px; \"><span data-icon-type=\"circle\" class=\"qode_iwt_icon_holder fa-stack fa-5x  \" style=\"font-size: 74px;border-color: #a6a7ab\"><i class=\"qode_icon_font_awesome fa fa-h-square qode_iwt_icon_element\" style=\"font-size: 55px;color: #a6a7ab\"><\/i><\/span><\/div><div class=\"icon_text_holder\" style=\"\"><div class=\"icon_text_inner\" style=\"\"><h5 class=\"icon_title\" style=\"\">KRANKENHAUSPFLEGE<\/h5><p style=''>Um allen Unannehmlichkeiten und \u00c4ngsten vorzubeugen, bietet unser Zentrum die M\u00f6glichkeit, alle Behandlungen unter bewusster Beruhigung in einem einzigen Besuch durchzuf\u00fchren, wobei gew\u00e4hrleistet ist, dass der Patient zu keiner Zeit Schmerzen versp\u00fcrt und gleichzeitig mit dem Arzt zusammenarbeiten kann.<\/p><\/div><\/div><\/div>[vc_separator type=&#8220;transparent&#8220; up=&#8220;24&#8243; down=&#8220;0&#8243;][\/vc_column_inner][vc_column_inner width=&#8220;1\/4&#8243;]<div class='q_icon_with_title very_large circle center '><div class=\"icon_holder \" style=\"margin: 0px 0px 32px 0px; \"><span data-icon-type=\"circle\" class=\"qode_iwt_icon_holder fa-stack fa-5x  \" style=\"font-size: 74px;border-color: #a6a7ab\"><i class=\"qode_icon_font_awesome fa fa-star qode_iwt_icon_element\" style=\"font-size: 55px;color: #a6a7ab\"><\/i><\/span><\/div><div class=\"icon_text_holder\" style=\"\"><div class=\"icon_text_inner\" style=\"\"><h5 class=\"icon_title\" style=\"\">AUSBILDUNG<\/h5><p style=''>Bei Naveiras Zahnklinik helfen wir Fachleuten, ihre Ausbildung durch Kurse und Rotationsprogramme in verschiedenen klinischen Bereichen zu verbessern, um mehr Wissen und F\u00e4higkeiten zu erwerben, die sofort in ihre t\u00e4gliche Praxis \u00fcbertragen werden k\u00f6nnen.<\/p><\/div><\/div><\/div>[vc_separator type=&#8220;transparent&#8220; up=&#8220;24&#8243; down=&#8220;0&#8243;][\/vc_column_inner][\/vc_row_inner][\/vc_column][\/vc_row][vc_row css_animation=&#8220;&#8220; row_type=&#8220;row&#8220; use_row_as_full_screen_section=&#8220;no&#8220; type=&#8220;grid&#8220; angled_section=&#8220;no&#8220; text_align=&#8220;left&#8220; background_image_as_pattern=&#8220;without_pattern&#8220; background_color=&#8220;#f3f1f1&#8243; border_color=&#8220;#e6e4e4&#8243; padding_top=&#8220;114&#8243; padding_bottom=&#8220;120&#8243;][vc_column width=&#8220;1\/2&#8243;][vc_column_text]<\/p>\n<h2 style=\"text-align: left;\">UNSERE KLINIK<\/h2>\n<p>[\/vc_column_text][vc_separator type=&#8220;small&#8220; position=&#8220;left&#8220; up=&#8220;17&#8243; down=&#8220;38&#8243;][vc_column_text]<\/p>\n<h6 style=\"text-align: left;\">Exzellenz im Dienst unserer Kunden.<\/h6>\n<p>[\/vc_column_text][vc_separator type=&#8220;transparent&#8220; up=&#8220;17&#8243; down=&#8220;0&#8243;][vc_column_text]Seit 1986 hat die Zahnklinik Naveiras mit dem Ziel, uns von herk\u00f6mmlichen Zahnarztpraxen abzuheben, das Wachstum vorangetrieben, die neuesten Technologien und Fortschritte in der Dentalwelt weiterentwickelt und integriert und ihnen die h\u00f6chste Qualit\u00e4t der im aktuellen Panorama verf\u00fcgbaren vorbeugenden und restaurativen Behandlungen angeboten.[\/vc_column_text][vc_separator type=&#8220;transparent&#8220; up=&#8220;31&#8243; down=&#8220;0&#8243;]<a  itemprop=\"url\" href=\"#\" target=\"_self\"  class=\"qbutton  default\" style=\"\">MEHR INFO<\/a>[\/vc_column][vc_column width=&#8220;1\/2&#8243;][vc_separator type=&#8220;transparent&#8220; up=&#8220;26&#8243; down=&#8220;0&#8243;][vc_video link=&#8220;https:\/\/youtu.be\/oc7TOacnzh0&#8243;][\/vc_column][\/vc_row][vc_row css_animation=&#8220;&#8220; row_type=&#8220;row&#8220; use_row_as_full_screen_section=&#8220;no&#8220; type=&#8220;full_width&#8220; angled_section=&#8220;no&#8220; text_align=&#8220;left&#8220; background_image_as_pattern=&#8220;without_pattern&#8220; border_color=&#8220;#e6e4e4&#8243;][vc_column]<div class=\"call_to_action normal\" style=\"background-color: #ffffff;\"><div class=\"container_inner\"><div class=\"two_columns_75_25 clearfix\"><div class=\"text_wrapper column1\"><div class=\"call_to_action_text \" style=\"\">\n<h5>Termin anfragen<\/h5>\n<p>Kontaktieren Sie uns und wir informieren Sie \u00fcber die Behandlung, die Ihren Bed\u00fcrfnissen am besten entspricht.<\/div><\/div><div class=\"button_wrapper column2\"><a itemprop=\"url\" href=\"https:\/\/clinicadentalnaveiras.com\/de\/fordern-sie-einen-termin-an\/\" class=\"qbutton white \" target=\"\" style=\"color: #ffffff;border-color: #616b63;background-color:#616b63;\" data-hover-background-color=#363636 data-hover-border-color=#363636 data-hover-color=#ffffff>KONTAKT<\/a><\/div><\/div><\/div><\/div>[\/vc_column][\/vc_row][vc_row css_animation=&#8220;&#8220; row_type=&#8220;row&#8220; use_row_as_full_screen_section=&#8220;no&#8220; type=&#8220;grid&#8220; angled_section=&#8220;no&#8220; text_align=&#8220;left&#8220; background_image_as_pattern=&#8220;without_pattern&#8220; background_color=&#8220;#f3f1f1&#8243; padding_top=&#8220;69&#8243; padding_bottom=&#8220;118&#8243;][vc_column width=&#8220;1\/2&#8243;][vc_separator type=&#8220;transparent&#8220; up=&#8220;31&#8243; down=&#8220;0&#8243;][vc_video link=&#8220;https:\/\/vimeo.com\/387482914&#8243;][\/vc_column][vc_column width=&#8220;1\/2&#8243;][vc_separator type=&#8220;transparent&#8220; up=&#8220;44&#8243; down=&#8220;0&#8243;][vc_column_text]<\/p>\n<h2 style=\"text-align: left;\">BEHANDLUNGEN<\/h2>\n<p>[\/vc_column_text][vc_separator type=&#8220;small&#8220; position=&#8220;left&#8220; up=&#8220;17&#8243; down=&#8220;38&#8243;][vc_column_text]<\/p>\n<h6 style=\"text-align: left;\">Wir bieten die besten Zahnbehandlungen mit h\u00f6chster Qualit\u00e4t und Professionalit\u00e4t.<\/h6>\n<p>[\/vc_column_text][vc_separator type=&#8220;transparent&#8220; up=&#8220;17&#8243; down=&#8220;0&#8243;][vc_column_text]Wir verwenden die neuesten Technologien in der Zahn\u00e4sthetik und unsere Spezialisten verwenden die innovativsten Techniken in der Zahnmedizin und bei Zahnimplantaten, um Dienstleistungen von h\u00f6chster Qualit\u00e4t zu erbringen.[\/vc_column_text][vc_separator type=&#8220;transparent&#8220; up=&#8220;26&#8243; down=&#8220;0&#8243;]<a  itemprop=\"url\" href=\"#\" target=\"_self\"  class=\"qbutton  default\" style=\"\">MEHR INFO<\/a>[\/vc_column][\/vc_row][vc_row css_animation=&#8220;&#8220; row_type=&#8220;row&#8220; use_row_as_full_screen_section=&#8220;no&#8220; type=&#8220;grid&#8220; angled_section=&#8220;no&#8220; text_align=&#8220;left&#8220; background_image_as_pattern=&#8220;without_pattern&#8220; background_color=&#8220;#ffffff&#8220; padding_top=&#8220;69&#8243; padding_bottom=&#8220;118&#8243;][vc_column width=&#8220;1\/2&#8243;][vc_separator type=&#8220;transparent&#8220; up=&#8220;44&#8243; down=&#8220;0&#8243;][vc_column_text]<\/p>\n<h2 style=\"text-align: left;\">AENOR-ZERTIFIKAT<\/h2>\n<p>[\/vc_column_text][vc_separator type=&#8220;small&#8220; position=&#8220;left&#8220; up=&#8220;17&#8243; down=&#8220;38&#8243;][vc_column_text]<\/p>\n<h6 style=\"text-align: left;\">Qualit\u00e4tsmanagement-System.<\/h6>\n<p>[\/vc_column_text][vc_separator type=&#8220;transparent&#8220; up=&#8220;17&#8243; down=&#8220;0&#8243;][vc_column_text]Die spanische Vereinigung f\u00fcr Normung und Zertifizierung <strong>(AENOR)<\/strong> hat der <strong>Zahnklinik Naveiras<\/strong> und ihren Einrichtungen das Zertifikat des Qualit\u00e4tsmanagementsystems gem\u00e4\u00df ISO 9001: 2015 erteilt[\/vc_column_text][vc_separator type=&#8220;transparent&#8220; up=&#8220;26&#8243; down=&#8220;0&#8243;][vc_column_text]AENOR m\u00f6chte zum Wohl der Gesellschaft insgesamt beitragen. Dank der hervorragenden Entwicklung sowohl bei der Normung als auch bei der Zertifizierung finden zahlreiche Gruppen in diesen Aktivit\u00e4ten wirksame Antworten auf die tats\u00e4chlichen Bed\u00fcrfnisse, die sie angesprochen haben.<\/p>\n<p>Es gibt immer mehr Normen, die sich mit Themen befassen, die direkte Anliegen gro\u00dfer Gesellschaftsgruppen ansprechen. Pflegeheime, Sicherheit auf Spielpl\u00e4tzen, l\u00e4ndliche Unterk\u00fcnfte oder Zahnkliniken sind einige Beispiele.[\/vc_column_text][vc_separator type=&#8220;transparent&#8220; up=&#8220;26&#8243; down=&#8220;0&#8243;][vc_column_text]Andererseits unterst\u00fctzt AENOR die Entwicklung von mehr als 40 L\u00e4ndern durch Kooperationsprojekte. Sie zielen darauf ab, ihre Normalisierungsstrukturen und damit die St\u00e4rke ihrer Volkswirtschaften zu st\u00e4rken.<\/p>\n<p>In Bezug auf die Zertifizierung werden Unternehmen wettbewerbsf\u00e4higer, weil:<br \/>\nBeseitigen Sie die Kosten von Qualit\u00e4tsm\u00e4ngeln.<\/p>\n<ul>\n<li>Sie verbessern die Kenntnis der Prozesse.<\/li>\n<li>Steigern Sie das Engagement Ihrer Mitarbeiter.<\/li>\n<li>Sie vermitteln allen externen Zuh\u00f6rern Vertrauen.<\/li>\n<\/ul>\n<p>[\/vc_column_text][vc_separator type=&#8220;transparent&#8220; up=&#8220;26&#8243; down=&#8220;0&#8243;]<a  itemprop=\"url\" href=\"https:\/\/clinicadentalnaveiras.com\/wp-content\/uploads\/2024\/01\/AENOR-IQnet-2024.pdf\" target=\"_blank\"  class=\"qbutton  medium default\" style=\"\">Siehe Zertifikat<i class=\"qode_icon_font_awesome fa fa-arrow-circle-down qode_button_icon_element\"><\/i><\/a>[vc_separator type=&#8220;transparent&#8220; up=&#8220;18&#8243; down=&#8220;0&#8243;][vc_single_image image=&#8220;16511&#8243; img_size=&#8220;full&#8220; qode_css_animation=&#8220;&#8220;][vc_separator type=&#8220;transparent&#8220; up=&#8220;26&#8243; down=&#8220;0&#8243;][\/vc_column][vc_column width=&#8220;1\/2&#8243;][vc_separator type=&#8220;transparent&#8220; up=&#8220;31&#8243; down=&#8220;0&#8243;][vc_single_image image=&#8220;17558&#8243; img_size=&#8220;full&#8220; css=&#8220;&#8220; qode_css_animation=&#8220;&#8220;][vc_separator type=&#8220;transparent&#8220; up=&#8220;18&#8243; down=&#8220;0&#8243;][\/vc_column][\/vc_row]<\/p>\n<\/div>","protected":false},"excerpt":{"rendered":"<p>[vc_row css_animation=&#8220;&#8220; row_type=&#8220;row&#8220; use_row_as_full_screen_section=&#8220;no&#8220; type=&#8220;grid&#8220; angled_section=&#8220;no&#8220; text_align=&#8220;left&#8220; background_image_as_pattern=&#8220;without_pattern&#8220; border_color=&#8220;#e6e4e4&#8243; padding_top=&#8220;63&#8243; padding_bottom=&#8220;84&#8243;][vc_column][vc_column_text] AUSGEW\u00c4HLTE LEISTUNGEN [\/vc_column_text][vc_separator type=&#8220;small&#8220; position=&#8220;center&#8220; up=&#8220;17&#8243; down=&#8220;29&#8243;][vc_column_text] Wir haben eine Vielzahl von Dienstleistungen mit den neuesten Technologien durchgef\u00fchrt und exklusiv f\u00fcr Sie konzipiert. [\/vc_column_text][vc_separator type=&#8220;transparent&#8220; up=&#8220;35&#8243; down=&#8220;75&#8243;][vc_row_inner row_type=&#8220;row&#8220; type=&#8220;full_width&#8220; text_align=&#8220;left&#8220; css_animation=&#8220;&#8220;][vc_column_inner width=&#8220;1\/4&#8243;][vc_separator type=&#8220;transparent&#8220; up=&#8220;24&#8243;&#8230;<\/p>\n","protected":false},"author":1,"featured_media":0,"parent":0,"menu_order":0,"comment_status":"closed","ping_status":"closed","template":"full_width.php","meta":{"_joinchat":[],"footnotes":""},"class_list":["post-17039","page","type-page","status-publish","hentry"],"yoast_head":"<!-- This site is optimized with the Yoast SEO plugin v27.4 - https:\/\/yoast.com\/product\/yoast-seo-wordpress\/ -->\n<title>START - Cl\u00ednica Dental Naveiras<\/title>\n<meta name=\"robots\" content=\"index, follow, max-snippet:-1, max-image-preview:large, max-video-preview:-1\" \/>\n<link rel=\"canonical\" href=\"https:\/\/clinicadentalnaveiras.com\/de\/\" \/>\n<meta property=\"og:locale\" content=\"de_DE\" \/>\n<meta property=\"og:type\" content=\"article\" \/>\n<meta property=\"og:title\" content=\"START - Cl\u00ednica Dental Naveiras\" \/>\n<meta property=\"og:description\" content=\"[vc_row css_animation=&#8220;&#8220; row_type=&#8220;row&#8220; use_row_as_full_screen_section=&#8220;no&#8220; type=&#8220;grid&#8220; angled_section=&#8220;no&#8220; text_align=&#8220;left&#8220; background_image_as_pattern=&#8220;without_pattern&#8220; border_color=&#8220;#e6e4e4&#8243; padding_top=&#8220;63&#8243; padding_bottom=&#8220;84&#8243;][vc_column][vc_column_text] AUSGEW\u00c4HLTE LEISTUNGEN [\/vc_column_text][vc_separator type=&#8220;small&#8220; position=&#8220;center&#8220; up=&#8220;17&#8243; down=&#8220;29&#8243;][vc_column_text] Wir haben eine Vielzahl von Dienstleistungen mit den neuesten Technologien durchgef\u00fchrt und exklusiv f\u00fcr Sie konzipiert. [\/vc_column_text][vc_separator type=&#8220;transparent&#8220; up=&#8220;35&#8243; down=&#8220;75&#8243;][vc_row_inner row_type=&#8220;row&#8220; type=&#8220;full_width&#8220; text_align=&#8220;left&#8220; css_animation=&#8220;&#8220;][vc_column_inner width=&#8220;1\/4&#8243;][vc_separator type=&#8220;transparent&#8220; up=&#8220;24&#8243;...\" \/>\n<meta property=\"og:url\" content=\"https:\/\/clinicadentalnaveiras.com\/de\/\" \/>\n<meta property=\"og:site_name\" content=\"Cl\u00ednica Dental Naveiras\" \/>\n<meta property=\"article:publisher\" content=\"https:\/\/www.facebook.com\/clinicadentalnaveiras\" \/>\n<meta property=\"article:modified_time\" content=\"2025-06-24T07:21:29+00:00\" \/>\n<meta name=\"twitter:card\" content=\"summary_large_image\" \/>\n<meta name=\"twitter:site\" content=\"@DentalNaveiras\" \/>\n<meta name=\"twitter:label1\" content=\"Gesch\u00e4tzte Lesezeit\" \/>\n\t<meta name=\"twitter:data1\" content=\"4\u00a0Minuten\" \/>\n<script type=\"application\/ld+json\" class=\"yoast-schema-graph\">{\"@context\":\"https:\\\/\\\/schema.org\",\"@graph\":[{\"@type\":\"WebPage\",\"@id\":\"https:\\\/\\\/clinicadentalnaveiras.com\\\/de\\\/\",\"url\":\"https:\\\/\\\/clinicadentalnaveiras.com\\\/de\\\/\",\"name\":\"START - Cl\u00ednica Dental Naveiras\",\"isPartOf\":{\"@id\":\"https:\\\/\\\/clinicadentalnaveiras.com\\\/de\\\/#website\"},\"datePublished\":\"2020-03-03T16:28:10+00:00\",\"dateModified\":\"2025-06-24T07:21:29+00:00\",\"breadcrumb\":{\"@id\":\"https:\\\/\\\/clinicadentalnaveiras.com\\\/de\\\/#breadcrumb\"},\"inLanguage\":\"de\",\"potentialAction\":[{\"@type\":\"ReadAction\",\"target\":[\"https:\\\/\\\/clinicadentalnaveiras.com\\\/de\\\/\"]}]},{\"@type\":\"BreadcrumbList\",\"@id\":\"https:\\\/\\\/clinicadentalnaveiras.com\\\/de\\\/#breadcrumb\",\"itemListElement\":[{\"@type\":\"ListItem\",\"position\":1,\"name\":\"Portada\",\"item\":\"https:\\\/\\\/clinicadentalnaveiras.com\\\/de\\\/\"},{\"@type\":\"ListItem\",\"position\":2,\"name\":\"START\"}]},{\"@type\":\"WebSite\",\"@id\":\"https:\\\/\\\/clinicadentalnaveiras.com\\\/de\\\/#website\",\"url\":\"https:\\\/\\\/clinicadentalnaveiras.com\\\/de\\\/\",\"name\":\"Cl\u00ednica Dental Naveiras\",\"description\":\"Tenerife\",\"potentialAction\":[{\"@type\":\"SearchAction\",\"target\":{\"@type\":\"EntryPoint\",\"urlTemplate\":\"https:\\\/\\\/clinicadentalnaveiras.com\\\/de\\\/?s={search_term_string}\"},\"query-input\":{\"@type\":\"PropertyValueSpecification\",\"valueRequired\":true,\"valueName\":\"search_term_string\"}}],\"inLanguage\":\"de\"}]}<\/script>\n<!-- \/ Yoast SEO plugin. -->","yoast_head_json":{"title":"START - Cl\u00ednica Dental Naveiras","robots":{"index":"index","follow":"follow","max-snippet":"max-snippet:-1","max-image-preview":"max-image-preview:large","max-video-preview":"max-video-preview:-1"},"canonical":"https:\/\/clinicadentalnaveiras.com\/de\/","og_locale":"de_DE","og_type":"article","og_title":"START - Cl\u00ednica Dental Naveiras","og_description":"[vc_row css_animation=&#8220;&#8220; row_type=&#8220;row&#8220; use_row_as_full_screen_section=&#8220;no&#8220; type=&#8220;grid&#8220; angled_section=&#8220;no&#8220; text_align=&#8220;left&#8220; background_image_as_pattern=&#8220;without_pattern&#8220; border_color=&#8220;#e6e4e4&#8243; padding_top=&#8220;63&#8243; padding_bottom=&#8220;84&#8243;][vc_column][vc_column_text] AUSGEW\u00c4HLTE LEISTUNGEN [\/vc_column_text][vc_separator type=&#8220;small&#8220; position=&#8220;center&#8220; up=&#8220;17&#8243; down=&#8220;29&#8243;][vc_column_text] Wir haben eine Vielzahl von Dienstleistungen mit den neuesten Technologien durchgef\u00fchrt und exklusiv f\u00fcr Sie konzipiert. [\/vc_column_text][vc_separator type=&#8220;transparent&#8220; up=&#8220;35&#8243; down=&#8220;75&#8243;][vc_row_inner row_type=&#8220;row&#8220; type=&#8220;full_width&#8220; text_align=&#8220;left&#8220; css_animation=&#8220;&#8220;][vc_column_inner width=&#8220;1\/4&#8243;][vc_separator type=&#8220;transparent&#8220; up=&#8220;24&#8243;...","og_url":"https:\/\/clinicadentalnaveiras.com\/de\/","og_site_name":"Cl\u00ednica Dental Naveiras","article_publisher":"https:\/\/www.facebook.com\/clinicadentalnaveiras","article_modified_time":"2025-06-24T07:21:29+00:00","twitter_card":"summary_large_image","twitter_site":"@DentalNaveiras","twitter_misc":{"Gesch\u00e4tzte Lesezeit":"4\u00a0Minuten"},"schema":{"@context":"https:\/\/schema.org","@graph":[{"@type":"WebPage","@id":"https:\/\/clinicadentalnaveiras.com\/de\/","url":"https:\/\/clinicadentalnaveiras.com\/de\/","name":"START - Cl\u00ednica Dental Naveiras","isPartOf":{"@id":"https:\/\/clinicadentalnaveiras.com\/de\/#website"},"datePublished":"2020-03-03T16:28:10+00:00","dateModified":"2025-06-24T07:21:29+00:00","breadcrumb":{"@id":"https:\/\/clinicadentalnaveiras.com\/de\/#breadcrumb"},"inLanguage":"de","potentialAction":[{"@type":"ReadAction","target":["https:\/\/clinicadentalnaveiras.com\/de\/"]}]},{"@type":"BreadcrumbList","@id":"https:\/\/clinicadentalnaveiras.com\/de\/#breadcrumb","itemListElement":[{"@type":"ListItem","position":1,"name":"Portada","item":"https:\/\/clinicadentalnaveiras.com\/de\/"},{"@type":"ListItem","position":2,"name":"START"}]},{"@type":"WebSite","@id":"https:\/\/clinicadentalnaveiras.com\/de\/#website","url":"https:\/\/clinicadentalnaveiras.com\/de\/","name":"Cl\u00ednica Dental Naveiras","description":"Tenerife","potentialAction":[{"@type":"SearchAction","target":{"@type":"EntryPoint","urlTemplate":"https:\/\/clinicadentalnaveiras.com\/de\/?s={search_term_string}"},"query-input":{"@type":"PropertyValueSpecification","valueRequired":true,"valueName":"search_term_string"}}],"inLanguage":"de"}]}},"_links":{"self":[{"href":"https:\/\/clinicadentalnaveiras.com\/de\/wp-json\/wp\/v2\/pages\/17039","targetHints":{"allow":["GET"]}}],"collection":[{"href":"https:\/\/clinicadentalnaveiras.com\/de\/wp-json\/wp\/v2\/pages"}],"about":[{"href":"https:\/\/clinicadentalnaveiras.com\/de\/wp-json\/wp\/v2\/types\/page"}],"author":[{"embeddable":true,"href":"https:\/\/clinicadentalnaveiras.com\/de\/wp-json\/wp\/v2\/users\/1"}],"replies":[{"embeddable":true,"href":"https:\/\/clinicadentalnaveiras.com\/de\/wp-json\/wp\/v2\/comments?post=17039"}],"version-history":[{"count":7,"href":"https:\/\/clinicadentalnaveiras.com\/de\/wp-json\/wp\/v2\/pages\/17039\/revisions"}],"predecessor-version":[{"id":17561,"href":"https:\/\/clinicadentalnaveiras.com\/de\/wp-json\/wp\/v2\/pages\/17039\/revisions\/17561"}],"wp:attachment":[{"href":"https:\/\/clinicadentalnaveiras.com\/de\/wp-json\/wp\/v2\/media?parent=17039"}],"curies":[{"name":"wp","href":"https:\/\/api.w.org\/{rel}","templated":true}]}}