{"id":17043,"date":"2020-03-03T16:41:47","date_gmt":"2020-03-03T16:41:47","guid":{"rendered":"https:\/\/clinicadentalnaveiras.com\/?page_id=17043"},"modified":"2022-04-08T10:10:26","modified_gmt":"2022-04-08T10:10:26","slug":"unsere-klinik","status":"publish","type":"page","link":"https:\/\/clinicadentalnaveiras.com\/de\/unsere-klinik\/","title":{"rendered":"UNSERE KLINIK"},"content":{"rendered":"<div class=\"wpb-content-wrapper\"><p>[vc_row css_animation=&#8220;&#8220; row_type=&#8220;row&#8220; use_row_as_full_screen_section=&#8220;no&#8220; type=&#8220;grid&#8220; angled_section=&#8220;no&#8220; text_align=&#8220;left&#8220; background_image_as_pattern=&#8220;without_pattern&#8220; border_color=&#8220;#ffffff&#8220; padding_top=&#8220;101&#8243;][vc_column width=&#8220;1\/3&#8243;][vc_column_text]<\/p>\n<h2>WAS WIR TUN<\/h2>\n<p>[\/vc_column_text][vc_separator type=&#8220;small&#8220; position=&#8220;left&#8220; up=&#8220;17&#8243; down=&#8220;25&#8243;][vc_column_text]Unser Zentrum verf\u00fcgt \u00fcber ein Team von hochqualifizierten Fachleuten, die alle zahn\u00e4rztlichen Fachgebiete abdecken, um alle unsere zahn\u00e4rztlichen Behandlungen abzudecken.[\/vc_column_text][vc_separator type=&#8220;transparent&#8220; up=&#8220;100&#8243; down=&#8220;0&#8243;][\/vc_column][vc_column width=&#8220;1\/3&#8243;][vc_column_text]<\/p>\n<h2>WER WIR SIND<\/h2>\n<p>[\/vc_column_text][vc_separator type=&#8220;small&#8220; position=&#8220;left&#8220; up=&#8220;17&#8243; down=&#8220;25&#8243;][vc_column_text]Unter der Leitung von Dr. Francisco Naveiras Varela sind wir ein junges und dynamisches Team, das sich aus hochqualifizierten und st\u00e4ndig ausgebildeten Fachleuten zusammensetzt, die bereit sind, Ihnen jeden Moment zu helfen.[\/vc_column_text][vc_separator type=&#8220;transparent&#8220; up=&#8220;100&#8243; down=&#8220;0&#8243;][\/vc_column][vc_column width=&#8220;1\/3&#8243;][vc_column_text]<\/p>\n<h2>WAS WIR BIETEN<\/h2>\n<p>[\/vc_column_text][vc_separator type=&#8220;small&#8220; position=&#8220;left&#8220; up=&#8220;17&#8243; down=&#8220;25&#8243;][vc_column_text]Jeder Patient erh\u00e4lt pers\u00f6nliche Aufmerksamkeit durch eine multidisziplin\u00e4re Behandlung, bei der jeder Spezialist in jedem zahn\u00e4rztlichen Bereich seine Vision zum Erreichen der besten Ergebnisse darstellt. Wir bieten eine integrierte L\u00f6sung auf h\u00f6chstem technischen Niveau.[\/vc_column_text][vc_separator type=&#8220;transparent&#8220; up=&#8220;100&#8243; down=&#8220;0&#8243;][\/vc_column][\/vc_row][vc_row css_animation=&#8220;&#8220; row_type=&#8220;row&#8220; use_row_as_full_screen_section=&#8220;no&#8220; type=&#8220;full_width&#8220; angled_section=&#8220;no&#8220; text_align=&#8220;center&#8220; background_image_as_pattern=&#8220;without_pattern&#8220; padding_top=&#8220;0&#8243; padding_bottom=&#8220;10&#8243;][vc_column][vc_column_text]<\/p>\n<h2 style=\"text-align: center;\">Tour 360\u00ba<\/h2>\n<p>[\/vc_column_text][vc_separator type=&#8220;small&#8220; position=&#8220;center&#8220; up=&#8220;17&#8243; down=&#8220;28&#8243;][vc_column_text]<\/p>\n<p><iframe loading=\"lazy\" style=\"border: 0;\" src=\"https:\/\/www.google.com\/maps\/embed?pb=!1m0!3m2!1ses!2ses!4v1461748109420!6m8!1m7!1s51IFemE9K9gAAAQvOxb7zw!2m2!1d28.46950649644447!2d-16.24786853693649!3f254!4f0!5f0.7820865974627469\" width=\"600\" height=\"450\" frameborder=\"0\" allowfullscreen=\"allowfullscreen\"><\/iframe><\/p>\n<p>[\/vc_column_text][vc_separator type=&#8220;transparent&#8220; up=&#8220;28&#8243; down=&#8220;48&#8243;][\/vc_column][\/vc_row][vc_row css_animation=&#8220;&#8220; row_type=&#8220;row&#8220; use_row_as_full_screen_section=&#8220;no&#8220; type=&#8220;grid&#8220; angled_section=&#8220;no&#8220; text_align=&#8220;left&#8220; background_image_as_pattern=&#8220;without_pattern&#8220; background_color=&#8220;#f3f1f1&#8243; border_color=&#8220;#e6e4e4&#8243; padding_top=&#8220;90&#8243; padding_bottom=&#8220;0&#8243;][vc_column width=&#8220;1\/2&#8243;][vc_single_image image=&#8220;15763&#8243; img_size=&#8220;full&#8220; qode_css_animation=&#8220;&#8220;][vc_separator type=&#8220;transparent&#8220; up=&#8220;89&#8243; down=&#8220;0&#8243;][\/vc_column][vc_column width=&#8220;1\/2&#8243;][vc_column_text]<\/p>\n<h2 style=\"text-align: left;\">UNSERE PHILOSOPHIE<\/h2>\n<p>[\/vc_column_text][vc_separator type=&#8220;small&#8220; position=&#8220;left&#8220; up=&#8220;17&#8243; down=&#8220;28&#8243;][vc_column_text]<\/p>\n<h6 style=\"text-align: left;\">Wir freuen uns, das L\u00e4cheln unserer Kunden zu bekommen.<\/h6>\n<p>[\/vc_column_text][vc_separator type=&#8220;transparent&#8220; up=&#8220;17&#8243; down=&#8220;0&#8243;][vc_column_text]Zahnklinik Naveiras ist ein Zahnarztzentrum mit mehr als 30 Jahren Erfahrung in diesem Bereich, in dem die Mundgesundheit unserer Patienten immer das Wichtigste ist.<\/p>\n<p>Unter der Leitung von Dr. Med. Dent.. Francisco Naveiras Varela sind wir ein junges und dynamisches Team, das sich aus hochqualifizierten und st\u00e4ndig ausgebildeten Fachleuten zusammensetzt, die Ihnen jederzeit zur Seite stehen.[\/vc_column_text][vc_separator type=&#8220;transparent&#8220; up=&#8220;29&#8243; down=&#8220;0&#8243;][vc_column_text]Wir bilden ein Team, das bestrebt ist, uns jeden Tag zu verbessern und den exklusivsten zahn\u00e4rztlichen Service zu bieten.[\/vc_column_text][vc_separator type=&#8220;transparent&#8220; up=&#8220;89&#8243; down=&#8220;0&#8243;][\/vc_column][\/vc_row][vc_row css_animation=&#8220;&#8220; row_type=&#8220;row&#8220; use_row_as_full_screen_section=&#8220;no&#8220; type=&#8220;full_width&#8220; angled_section=&#8220;no&#8220; text_align=&#8220;left&#8220; background_image_as_pattern=&#8220;without_pattern&#8220; border_color=&#8220;#e6e4e4&#8243;][vc_column]<div class=\"call_to_action normal\" style=\"background-color: #ffffff;\"><div class=\"container_inner\"><div class=\"two_columns_75_25 clearfix\"><div class=\"text_wrapper column1\"><div class=\"call_to_action_text \" style=\"\">\n<h5>Termin anfragen<\/h5>\n<p>Kontaktieren Sie uns und wir informieren Sie \u00fcber die Behandlung, die Ihren Bed\u00fcrfnissen am besten entspricht.<\/div><\/div><div class=\"button_wrapper column2\"><a itemprop=\"url\" href=\"https:\/\/clinicadentalnaveiras.com\/de\/fordern-sie-einen-termin-an\/\" class=\"qbutton white \" target=\"\" style=\"color: #ffffff;background-color:#616b63;\" data-hover-background-color=#363636 data-hover-color=#ffffff>KONTAKT<\/a><\/div><\/div><\/div><\/div>[\/vc_column][\/vc_row][vc_row css_animation=&#8220;&#8220; row_type=&#8220;row&#8220; use_row_as_full_screen_section=&#8220;no&#8220; type=&#8220;grid&#8220; angled_section=&#8220;no&#8220; text_align=&#8220;left&#8220; background_image_as_pattern=&#8220;without_pattern&#8220; background_color=&#8220;#f3f1f1&#8243; border_color=&#8220;#e6e4e4&#8243; padding_top=&#8220;90&#8243; padding_bottom=&#8220;0&#8243;][vc_column width=&#8220;1\/2&#8243;][vc_column_text]<\/p>\n<h2 style=\"text-align: left;\">ZAHNGESUNDHEIT<\/h2>\n<p>[\/vc_column_text][vc_separator type=&#8220;small&#8220; position=&#8220;left&#8220; up=&#8220;17&#8243; down=&#8220;28&#8243;][vc_column_text]<\/p>\n<h6 style=\"text-align: left;\">Ihre Mundgesundheit und die Ihrer Familie sind unsere Verpflichtung.<\/h6>\n<p>[\/vc_column_text][vc_separator type=&#8220;transparent&#8220; up=&#8220;17&#8243; down=&#8220;0&#8243;][vc_column_text]Die Pflege Ihrer Zahngesundheit ist ein sehr wichtiges Thema, das Sie nur den besten Fachleuten \u00fcberlassen sollten. Wir stellen Ihnen ein hochqualifiziertes Team zur Verf\u00fcgung, das bei der Anwendung der fortschrittlichsten Behandlungen an vorderster Front steht und Ihnen die besten Dienstleistungen und Behandlungen in den Bereichen Zahnmedizin, Implantate, Kieferorthop\u00e4die, Zahn\u00e4sthetik usw. bieten soll.[\/vc_column_text][vc_separator type=&#8220;transparent&#8220; up=&#8220;29&#8243; down=&#8220;0&#8243;][vc_column_text]Wir k\u00fcmmern uns um alle Details Ihrer Mund-Zahn-Gesundheit und um das L\u00e4cheln Ihrer ganzen Familie, ganz gleich, welche Spezialit\u00e4t Sie ben\u00f6tigen.[\/vc_column_text][vc_separator type=&#8220;transparent&#8220; up=&#8220;89&#8243; down=&#8220;0&#8243;][\/vc_column][vc_column width=&#8220;1\/2&#8243;][vc_single_image image=&#8220;16998&#8243; img_size=&#8220;full&#8220; qode_css_animation=&#8220;&#8220;][vc_separator type=&#8220;transparent&#8220; up=&#8220;89&#8243; down=&#8220;0&#8243;][\/vc_column][\/vc_row][vc_row css_animation=&#8220;&#8220; row_type=&#8220;row&#8220; use_row_as_full_screen_section=&#8220;no&#8220; type=&#8220;grid&#8220; angled_section=&#8220;no&#8220; text_align=&#8220;center&#8220; background_image_as_pattern=&#8220;without_pattern&#8220; padding_top=&#8220;80&#8243; padding_bottom=&#8220;15&#8243;][vc_column][vc_column_text]<\/p>\n<h2 style=\"text-align: center;\">KLINISCHER ZEITRAFFER<\/h2>\n<p>[\/vc_column_text][vc_separator type=&#8220;small&#8220; position=&#8220;center&#8220; up=&#8220;17&#8243; down=&#8220;28&#8243;][vc_video link=&#8220;https:\/\/vimeo.com\/157568007&#8243;][\/vc_column][\/vc_row][vc_row css_animation=&#8220;&#8220; row_type=&#8220;row&#8220; use_row_as_full_screen_section=&#8220;no&#8220; type=&#8220;grid&#8220; angled_section=&#8220;no&#8220; text_align=&#8220;center&#8220; background_image_as_pattern=&#8220;without_pattern&#8220; padding_top=&#8220;78&#8243; padding_bottom=&#8220;0&#8243;][vc_column][vc_column_text]<\/p>\n<h2 style=\"text-align: center;\">EINIGE BILDER<\/h2>\n<p>[\/vc_column_text][vc_separator type=&#8220;small&#8220; position=&#8220;center&#8220; up=&#8220;17&#8243; down=&#8220;28&#8243;][\/vc_column][vc_column width=&#8220;1\/4&#8243;][vc_single_image image=&#8220;16144&#8243; img_size=&#8220;full&#8220; qode_css_animation=&#8220;&#8220;][vc_separator type=&#8220;transparent&#8220; down=&#8220;28&#8243;][\/vc_column][vc_column width=&#8220;1\/4&#8243;][vc_single_image image=&#8220;15925&#8243; img_size=&#8220;full&#8220; qode_css_animation=&#8220;&#8220;][vc_separator type=&#8220;transparent&#8220; down=&#8220;28&#8243;][\/vc_column][vc_column width=&#8220;1\/4&#8243;][vc_single_image image=&#8220;15924&#8243; img_size=&#8220;full&#8220; qode_css_animation=&#8220;&#8220;][vc_separator type=&#8220;transparent&#8220; down=&#8220;28&#8243;][\/vc_column][vc_column width=&#8220;1\/4&#8243;][vc_single_image image=&#8220;15911&#8243; img_size=&#8220;full&#8220; qode_css_animation=&#8220;&#8220;][\/vc_column][\/vc_row][vc_row css_animation=&#8220;&#8220; row_type=&#8220;row&#8220; use_row_as_full_screen_section=&#8220;no&#8220; type=&#8220;grid&#8220; angled_section=&#8220;no&#8220; text_align=&#8220;left&#8220; background_image_as_pattern=&#8220;without_pattern&#8220; padding_top=&#8220;68&#8243; padding_bottom=&#8220;50&#8243;][vc_column][vc_column_text]<\/p>\n<h2 style=\"text-align: center;\">ZUSAMMENARBEITSABKOMMEN<\/h2>\n<p>[\/vc_column_text][vc_separator type=&#8220;small&#8220; position=&#8220;center&#8220; up=&#8220;17&#8243; down=&#8220;28&#8243;][vc_column_text]<\/p>\n<p style=\"text-align: center;\">Unsere Vereinbarung mit dem Offiziellen Zahnarztkammer von Santa Cruz de Tenerife.<\/p>\n<p>[\/vc_column_text][vc_separator type=&#8220;transparent&#8220; up=&#8220;17&#8243; down=&#8220;20&#8243;][vc_single_image image=&#8220;16030&#8243; img_size=&#8220;medium&#8220; alignment=&#8220;center&#8220; onclick=&#8220;custom_link&#8220; img_link_target=&#8220;_blank&#8220; qode_css_animation=&#8220;&#8220; link=&#8220;https:\/\/www.dentef.es\/&#8220;][\/vc_column][\/vc_row]<\/p>\n<\/div>","protected":false},"excerpt":{"rendered":"<p>[vc_row css_animation=&#8220;&#8220; row_type=&#8220;row&#8220; use_row_as_full_screen_section=&#8220;no&#8220; type=&#8220;grid&#8220; angled_section=&#8220;no&#8220; text_align=&#8220;left&#8220; background_image_as_pattern=&#8220;without_pattern&#8220; border_color=&#8220;#ffffff&#8220; padding_top=&#8220;101&#8243;][vc_column width=&#8220;1\/3&#8243;][vc_column_text] WAS WIR TUN [\/vc_column_text][vc_separator type=&#8220;small&#8220; position=&#8220;left&#8220; up=&#8220;17&#8243; down=&#8220;25&#8243;][vc_column_text]Unser Zentrum verf\u00fcgt \u00fcber ein Team von hochqualifizierten Fachleuten, die alle zahn\u00e4rztlichen Fachgebiete abdecken, um alle unsere zahn\u00e4rztlichen Behandlungen abzudecken.[\/vc_column_text][vc_separator type=&#8220;transparent&#8220; up=&#8220;100&#8243; down=&#8220;0&#8243;][\/vc_column][vc_column width=&#8220;1\/3&#8243;][vc_column_text] WER WIR SIND&#8230;<\/p>\n","protected":false},"author":1,"featured_media":0,"parent":0,"menu_order":0,"comment_status":"closed","ping_status":"closed","template":"full_width.php","meta":{"_joinchat":[],"footnotes":""},"class_list":["post-17043","page","type-page","status-publish","hentry"],"yoast_head":"<!-- This site is optimized with the Yoast SEO plugin v27.5 - https:\/\/yoast.com\/product\/yoast-seo-wordpress\/ -->\n<title>UNSERE KLINIK - Cl\u00ednica Dental Naveiras<\/title>\n<meta name=\"robots\" content=\"index, follow, max-snippet:-1, max-image-preview:large, max-video-preview:-1\" \/>\n<link rel=\"canonical\" href=\"https:\/\/clinicadentalnaveiras.com\/de\/unsere-klinik\/\" \/>\n<meta property=\"og:locale\" content=\"de_DE\" \/>\n<meta property=\"og:type\" content=\"article\" \/>\n<meta property=\"og:title\" content=\"UNSERE KLINIK - Cl\u00ednica Dental Naveiras\" \/>\n<meta property=\"og:description\" content=\"[vc_row css_animation=&#8220;&#8220; row_type=&#8220;row&#8220; use_row_as_full_screen_section=&#8220;no&#8220; type=&#8220;grid&#8220; angled_section=&#8220;no&#8220; text_align=&#8220;left&#8220; background_image_as_pattern=&#8220;without_pattern&#8220; border_color=&#8220;#ffffff&#8220; padding_top=&#8220;101&#8243;][vc_column width=&#8220;1\/3&#8243;][vc_column_text] WAS WIR TUN [\/vc_column_text][vc_separator type=&#8220;small&#8220; position=&#8220;left&#8220; up=&#8220;17&#8243; down=&#8220;25&#8243;][vc_column_text]Unser Zentrum verf\u00fcgt \u00fcber ein Team von hochqualifizierten Fachleuten, die alle zahn\u00e4rztlichen Fachgebiete abdecken, um alle unsere zahn\u00e4rztlichen Behandlungen abzudecken.[\/vc_column_text][vc_separator type=&#8220;transparent&#8220; up=&#8220;100&#8243; down=&#8220;0&#8243;][\/vc_column][vc_column width=&#8220;1\/3&#8243;][vc_column_text] WER WIR SIND...\" \/>\n<meta property=\"og:url\" content=\"https:\/\/clinicadentalnaveiras.com\/de\/unsere-klinik\/\" \/>\n<meta property=\"og:site_name\" content=\"Cl\u00ednica Dental Naveiras\" \/>\n<meta property=\"article:publisher\" content=\"https:\/\/www.facebook.com\/clinicadentalnaveiras\" \/>\n<meta property=\"article:modified_time\" content=\"2022-04-08T10:10:26+00:00\" \/>\n<meta name=\"twitter:card\" content=\"summary_large_image\" \/>\n<meta name=\"twitter:site\" content=\"@DentalNaveiras\" \/>\n<meta name=\"twitter:label1\" content=\"Gesch\u00e4tzte Lesezeit\" \/>\n\t<meta name=\"twitter:data1\" content=\"6\u00a0Minuten\" \/>\n<script type=\"application\/ld+json\" class=\"yoast-schema-graph\">{\"@context\":\"https:\\\/\\\/schema.org\",\"@graph\":[{\"@type\":\"WebPage\",\"@id\":\"https:\\\/\\\/clinicadentalnaveiras.com\\\/de\\\/unsere-klinik\\\/\",\"url\":\"https:\\\/\\\/clinicadentalnaveiras.com\\\/de\\\/unsere-klinik\\\/\",\"name\":\"UNSERE KLINIK - Cl\u00ednica Dental Naveiras\",\"isPartOf\":{\"@id\":\"https:\\\/\\\/clinicadentalnaveiras.com\\\/de\\\/#website\"},\"datePublished\":\"2020-03-03T16:41:47+00:00\",\"dateModified\":\"2022-04-08T10:10:26+00:00\",\"breadcrumb\":{\"@id\":\"https:\\\/\\\/clinicadentalnaveiras.com\\\/de\\\/unsere-klinik\\\/#breadcrumb\"},\"inLanguage\":\"de\",\"potentialAction\":[{\"@type\":\"ReadAction\",\"target\":[\"https:\\\/\\\/clinicadentalnaveiras.com\\\/de\\\/unsere-klinik\\\/\"]}]},{\"@type\":\"BreadcrumbList\",\"@id\":\"https:\\\/\\\/clinicadentalnaveiras.com\\\/de\\\/unsere-klinik\\\/#breadcrumb\",\"itemListElement\":[{\"@type\":\"ListItem\",\"position\":1,\"name\":\"Portada\",\"item\":\"https:\\\/\\\/clinicadentalnaveiras.com\\\/de\\\/\"},{\"@type\":\"ListItem\",\"position\":2,\"name\":\"UNSERE KLINIK\"}]},{\"@type\":\"WebSite\",\"@id\":\"https:\\\/\\\/clinicadentalnaveiras.com\\\/de\\\/#website\",\"url\":\"https:\\\/\\\/clinicadentalnaveiras.com\\\/de\\\/\",\"name\":\"Cl\u00ednica Dental Naveiras\",\"description\":\"Tenerife\",\"potentialAction\":[{\"@type\":\"SearchAction\",\"target\":{\"@type\":\"EntryPoint\",\"urlTemplate\":\"https:\\\/\\\/clinicadentalnaveiras.com\\\/de\\\/?s={search_term_string}\"},\"query-input\":{\"@type\":\"PropertyValueSpecification\",\"valueRequired\":true,\"valueName\":\"search_term_string\"}}],\"inLanguage\":\"de\"}]}<\/script>\n<!-- \/ Yoast SEO plugin. -->","yoast_head_json":{"title":"UNSERE KLINIK - Cl\u00ednica Dental Naveiras","robots":{"index":"index","follow":"follow","max-snippet":"max-snippet:-1","max-image-preview":"max-image-preview:large","max-video-preview":"max-video-preview:-1"},"canonical":"https:\/\/clinicadentalnaveiras.com\/de\/unsere-klinik\/","og_locale":"de_DE","og_type":"article","og_title":"UNSERE KLINIK - Cl\u00ednica Dental Naveiras","og_description":"[vc_row css_animation=&#8220;&#8220; row_type=&#8220;row&#8220; use_row_as_full_screen_section=&#8220;no&#8220; type=&#8220;grid&#8220; angled_section=&#8220;no&#8220; text_align=&#8220;left&#8220; background_image_as_pattern=&#8220;without_pattern&#8220; border_color=&#8220;#ffffff&#8220; padding_top=&#8220;101&#8243;][vc_column width=&#8220;1\/3&#8243;][vc_column_text] WAS WIR TUN [\/vc_column_text][vc_separator type=&#8220;small&#8220; position=&#8220;left&#8220; up=&#8220;17&#8243; down=&#8220;25&#8243;][vc_column_text]Unser Zentrum verf\u00fcgt \u00fcber ein Team von hochqualifizierten Fachleuten, die alle zahn\u00e4rztlichen Fachgebiete abdecken, um alle unsere zahn\u00e4rztlichen Behandlungen abzudecken.[\/vc_column_text][vc_separator type=&#8220;transparent&#8220; up=&#8220;100&#8243; down=&#8220;0&#8243;][\/vc_column][vc_column width=&#8220;1\/3&#8243;][vc_column_text] WER WIR SIND...","og_url":"https:\/\/clinicadentalnaveiras.com\/de\/unsere-klinik\/","og_site_name":"Cl\u00ednica Dental Naveiras","article_publisher":"https:\/\/www.facebook.com\/clinicadentalnaveiras","article_modified_time":"2022-04-08T10:10:26+00:00","twitter_card":"summary_large_image","twitter_site":"@DentalNaveiras","twitter_misc":{"Gesch\u00e4tzte Lesezeit":"6\u00a0Minuten"},"schema":{"@context":"https:\/\/schema.org","@graph":[{"@type":"WebPage","@id":"https:\/\/clinicadentalnaveiras.com\/de\/unsere-klinik\/","url":"https:\/\/clinicadentalnaveiras.com\/de\/unsere-klinik\/","name":"UNSERE KLINIK - Cl\u00ednica Dental Naveiras","isPartOf":{"@id":"https:\/\/clinicadentalnaveiras.com\/de\/#website"},"datePublished":"2020-03-03T16:41:47+00:00","dateModified":"2022-04-08T10:10:26+00:00","breadcrumb":{"@id":"https:\/\/clinicadentalnaveiras.com\/de\/unsere-klinik\/#breadcrumb"},"inLanguage":"de","potentialAction":[{"@type":"ReadAction","target":["https:\/\/clinicadentalnaveiras.com\/de\/unsere-klinik\/"]}]},{"@type":"BreadcrumbList","@id":"https:\/\/clinicadentalnaveiras.com\/de\/unsere-klinik\/#breadcrumb","itemListElement":[{"@type":"ListItem","position":1,"name":"Portada","item":"https:\/\/clinicadentalnaveiras.com\/de\/"},{"@type":"ListItem","position":2,"name":"UNSERE KLINIK"}]},{"@type":"WebSite","@id":"https:\/\/clinicadentalnaveiras.com\/de\/#website","url":"https:\/\/clinicadentalnaveiras.com\/de\/","name":"Cl\u00ednica Dental Naveiras","description":"Tenerife","potentialAction":[{"@type":"SearchAction","target":{"@type":"EntryPoint","urlTemplate":"https:\/\/clinicadentalnaveiras.com\/de\/?s={search_term_string}"},"query-input":{"@type":"PropertyValueSpecification","valueRequired":true,"valueName":"search_term_string"}}],"inLanguage":"de"}]}},"_links":{"self":[{"href":"https:\/\/clinicadentalnaveiras.com\/de\/wp-json\/wp\/v2\/pages\/17043","targetHints":{"allow":["GET"]}}],"collection":[{"href":"https:\/\/clinicadentalnaveiras.com\/de\/wp-json\/wp\/v2\/pages"}],"about":[{"href":"https:\/\/clinicadentalnaveiras.com\/de\/wp-json\/wp\/v2\/types\/page"}],"author":[{"embeddable":true,"href":"https:\/\/clinicadentalnaveiras.com\/de\/wp-json\/wp\/v2\/users\/1"}],"replies":[{"embeddable":true,"href":"https:\/\/clinicadentalnaveiras.com\/de\/wp-json\/wp\/v2\/comments?post=17043"}],"version-history":[{"count":4,"href":"https:\/\/clinicadentalnaveiras.com\/de\/wp-json\/wp\/v2\/pages\/17043\/revisions"}],"predecessor-version":[{"id":17340,"href":"https:\/\/clinicadentalnaveiras.com\/de\/wp-json\/wp\/v2\/pages\/17043\/revisions\/17340"}],"wp:attachment":[{"href":"https:\/\/clinicadentalnaveiras.com\/de\/wp-json\/wp\/v2\/media?parent=17043"}],"curies":[{"name":"wp","href":"https:\/\/api.w.org\/{rel}","templated":true}]}}