{"id":17071,"date":"2020-03-04T11:22:40","date_gmt":"2020-03-04T11:22:40","guid":{"rendered":"https:\/\/clinicadentalnaveiras.com\/?page_id=17071"},"modified":"2025-07-18T11:13:04","modified_gmt":"2025-07-18T11:13:04","slug":"kontakt","status":"publish","type":"page","link":"https:\/\/clinicadentalnaveiras.com\/de\/kontakt\/","title":{"rendered":"KONTAKT"},"content":{"rendered":"<div class=\"wpb-content-wrapper\"><p>[vc_row css_animation=&#8220;&#8220; row_type=&#8220;row&#8220; use_row_as_full_screen_section=&#8220;no&#8220; type=&#8220;full_width&#8220; angled_section=&#8220;no&#8220; text_align=&#8220;center&#8220; background_image_as_pattern=&#8220;without_pattern&#8220; padding_top=&#8220;20&#8243; padding_bottom=&#8220;50&#8243; z_index=&#8220;&#8220;][vc_column][vc_column_text css=&#8220;&#8220;]<iframe loading=\"lazy\" style=\"border: 0;\" src=\"https:\/\/www.google.com\/maps\/embed?pb=!1m18!1m12!1m3!1d3507.336287090334!2d-16.250474423951296!3d28.46941749146815!2m3!1f0!2f0!3f0!3m2!1i1024!2i768!4f13.1!3m3!1m2!1s0xc41cb7c6dd01ca1%3A0xb2bd17b1a64e6b14!2sCl%C3%ADnica%20Dental%20Naveiras!5e0!3m2!1ses!2ses!4v1752836826490!5m2!1ses!2ses\" width=\"100%\" height=\"550\" allowfullscreen=\"allowfullscreen\"><\/iframe>[\/vc_column_text][\/vc_column][\/vc_row][vc_row css_animation=&#8220;&#8220; row_type=&#8220;row&#8220; use_row_as_full_screen_section=&#8220;no&#8220; type=&#8220;grid&#8220; angled_section=&#8220;no&#8220; text_align=&#8220;center&#8220; background_image_as_pattern=&#8220;without_pattern&#8220; padding_top=&#8220;20&#8243; padding_bottom=&#8220;50&#8243; z_index=&#8220;&#8220;][vc_column][vc_column_text]<\/p>\n<h2>M\u00f6chten Sie Teil des Teams der Zahnklinik Naveiras sein?<\/h2>\n<p>[\/vc_column_text][vc_separator type=&#8220;transparent&#8220; up=&#8220;30&#8243; down=&#8220;6&#8243;]\n\n\t<a href=\"https:\/\/clinicadentalnaveiras.com\/de\/fordern-sie-einen-termin-an\/\" target=\"_self\" style=\"color: #ffffff;background-color: #616b63;font-size: 14px;font-weight: 500;text-transform: uppercase;font-style: normal\" class=\"qode-btn qode-btn-medium qode-btn-solid qode-btn-custom-hover-bg qode-btn-custom-hover-color qode-btn-custom-icon-bg-hover-color qode-btn-icon qode-btn-default-hover\" data-hover-bg-color=\"#363636\" data-hover-color=\"#ffffff\" >\n\t    <span class=\"qode-btn-text\">Senden Sie uns Ihren Lebenslauf<\/span><span class=\"qode-button-v2-icon-holder\" style=\"font-size: 14px;border-color: #ffffff;background-color: #616b63\" data-hover-icon-border-color=\"#ffffff\" data-hover-icon-bg-color=\"#363636\"><i class=\"qode_icon_font_awesome fa fa-address-book qode-button-v2-icon-holder-inner\" ><\/i><\/span>\t<\/a>\n\n[\/vc_column][\/vc_row][vc_row css_animation=&#8220;&#8220; row_type=&#8220;row&#8220; use_row_as_full_screen_section=&#8220;no&#8220; type=&#8220;grid&#8220; angled_section=&#8220;no&#8220; text_align=&#8220;left&#8220; background_image_as_pattern=&#8220;without_pattern&#8220; padding_top=&#8220;20&#8243; padding_bottom=&#8220;50&#8243; z_index=&#8220;&#8220;][vc_column width=&#8220;1\/4&#8243;][vc_column_text]<\/p>\n<h5>Wie k\u00f6nnen wir Ihnen helfen?<\/h5>\n<p>[\/vc_column_text][vc_separator type=&#8220;transparent&#8220; up=&#8220;6&#8243; down=&#8220;6&#8243;][vc_column_text]San Vicente Ferrer Stra\u00dfe 1 38003 Santa Cruz de Tenerife | Espa\u00f1a E-mail: clinica@naveiras.es Telefon: +34 922 244 431 Fax: +34 922 244 431[\/vc_column_text][vc_separator type=&#8220;transparent&#8220; up=&#8220;6&#8243; down=&#8220;6&#8243;]<span class='q_social_icon_holder normal_social' ><a itemprop='url' href='https:\/\/www.facebook.com\/clinicadentalnaveiras' target='_blank'><i class=\"qode_icon_font_awesome fa fa-facebook fa-lg simple_social\" style=\"\" ><\/i><\/a><\/span><span class='q_social_icon_holder normal_social' ><a itemprop='url' href='https:\/\/twitter.com\/DentalNaveiras' target='_blank'><i class=\"qode_icon_font_awesome fa fa-twitter fa-lg simple_social\" style=\"\" ><\/i><\/a><\/span><span class='q_social_icon_holder normal_social' ><a itemprop='url' href='https:\/\/instagram.com\/dentalnaveiras\/' target='_blank'><i class=\"qode_icon_font_awesome fa fa-instagram fa-lg simple_social\" style=\"\" ><\/i><\/a><\/span><span class='q_social_icon_holder normal_social' ><a itemprop='url' href='#' target='_blank'><i class=\"qode_icon_font_awesome fa fa-google-plus fa-lg simple_social\" style=\"\" ><\/i><\/a><\/span>[vc_separator type=&#8220;transparent&#8220; up=&#8220;6&#8243; down=&#8220;6&#8243;][\/vc_column][vc_column width=&#8220;3\/4&#8243;]\n<div class=\"wpcf7 no-js\" id=\"wpcf7-f17074-o1\" lang=\"es-ES\" dir=\"ltr\" data-wpcf7-id=\"17074\">\n<div class=\"screen-reader-response\"><p role=\"status\" aria-live=\"polite\" aria-atomic=\"true\"><\/p> <ul><\/ul><\/div>\n<form action=\"\/de\/wp-json\/wp\/v2\/pages\/17071#wpcf7-f17074-o1\" method=\"post\" class=\"wpcf7-form init default\" aria-label=\"Formulario de contacto\" novalidate=\"novalidate\" data-status=\"init\">\n<fieldset class=\"hidden-fields-container\"><input type=\"hidden\" name=\"_wpcf7\" value=\"17074\" \/><input type=\"hidden\" name=\"_wpcf7_version\" value=\"6.1.5\" \/><input type=\"hidden\" name=\"_wpcf7_locale\" value=\"es_ES\" \/><input type=\"hidden\" name=\"_wpcf7_unit_tag\" value=\"wpcf7-f17074-o1\" \/><input type=\"hidden\" name=\"_wpcf7_container_post\" value=\"0\" \/><input type=\"hidden\" name=\"_wpcf7_posted_data_hash\" value=\"\" \/>\n<\/fieldset>\n<p>Name (erforderlich)\n<\/p>\n<p><span class=\"wpcf7-form-control-wrap\" data-name=\"your-name\"><input size=\"40\" maxlength=\"400\" class=\"wpcf7-form-control wpcf7-text wpcf7-validates-as-required\" aria-required=\"true\" aria-invalid=\"false\" value=\"\" type=\"text\" name=\"your-name\" \/><\/span>\n<\/p>\n<p>E-mail (erforderlich)\n<\/p>\n<p><span class=\"wpcf7-form-control-wrap\" data-name=\"your-email\"><input size=\"40\" maxlength=\"400\" class=\"wpcf7-form-control wpcf7-email wpcf7-validates-as-required wpcf7-text wpcf7-validates-as-email\" aria-required=\"true\" aria-invalid=\"false\" value=\"\" type=\"email\" name=\"your-email\" \/><\/span>\n<\/p>\n<p>Betreff\n<\/p>\n<p><span class=\"wpcf7-form-control-wrap\" data-name=\"your-subject\"><input size=\"40\" maxlength=\"400\" class=\"wpcf7-form-control wpcf7-text\" aria-invalid=\"false\" value=\"\" type=\"text\" name=\"your-subject\" \/><\/span>\n<\/p>\n<p>Nachricht\n<\/p>\n<p><span class=\"wpcf7-form-control-wrap\" data-name=\"your-message\"><textarea cols=\"40\" rows=\"10\" maxlength=\"2000\" class=\"wpcf7-form-control wpcf7-textarea\" aria-invalid=\"false\" name=\"your-message\"><\/textarea><\/span>\n<\/p>\n<p>Ihre Daten k\u00f6nnen in eine Datei aufgenommen werden, f\u00fcr die Cl\u00ednica Dental Naveiras verantwortlich ist, sowie in die computergest\u00fctzte Behandlung oder nicht, um Ihre Anfrage an die entsprechende Abteilung zu bearbeiten. Cl\u00ednica Dental Naveiras kann diese personenbezogenen Daten verarbeiten, um Ihnen Informationen, die f\u00fcr Sie von Interesse sein k\u00f6nnten, per Telefon, Post oder elektronisch zu senden. Benutzer, deren Daten einer Behandlung unterliegen, k\u00f6nnen ihre Rechte auf Zugang, Berichtigung, L\u00f6schung, Portabilit\u00e4t, Widerspruch und Einschr\u00e4nkung ihrer Daten gem\u00e4\u00df den Bestimmungen des Organgesetzes 3\/2018 vom 5. Dezember zum Schutz personenbezogener Daten und Garantien frei aus\u00fcben der digitalen Rechte und der Bestimmungen der RGPD-EU 679\/2016 und anderer aktueller Vorschriften gem\u00e4\u00df dem gesetzlich festgelegten Verfahren. Diese Rechte k\u00f6nnen ausge\u00fcbt werden, indem eine ordnungsgem\u00e4\u00df unterzeichnete schriftliche Mitteilung mit einer Fotokopie des DNI an die Zahnklinik Naveiras mit der Adresse C \/ San Vicente Ferrer 1.38003 Santa Cruz de Tenerife, Santa Cruz de Tenerife, gerichtet wird.\n<\/p>\n<p>Sie k\u00f6nnen unser DPD Axionnet Network S.L. \u00fcber die folgende E-Mail lopd@axionnet.com\n<\/p>\n<p><span class=\"wpcf7-form-control-wrap\" data-name=\"acceptance-308\"><span class=\"wpcf7-form-control wpcf7-acceptance\"><span class=\"wpcf7-list-item\"><input type=\"checkbox\" name=\"acceptance-308\" value=\"1\" aria-invalid=\"false\" \/><\/span><\/span><\/span> Ich akzeptiere <a href=\"https:\/\/clinicadentalnaveiras.com\/wp-content\/uploads\/2024\/05\/Politica-Privacidad-Naveiras-2024-1.pdf\" target=\"_blank\"\/>die Datenschutzbestimmungen <\/a> | <a href=\"https:\/\/clinicadentalnaveiras.com\/wp-content\/uploads\/2024\/05\/Politica-Cookies-Naveiras-2024-1.pdf\" target=\"_blank\"\/>Cookie-Richtlinie<\/a>\n<\/p>\n<p><span class=\"wpcf7-form-control-wrap\" data-name=\"quiz-694\"><label><span class=\"wpcf7-quiz-label\">5 + tres=<\/span> <input size=\"40\" class=\"wpcf7-form-control wpcf7-quiz\" autocomplete=\"off\" aria-required=\"true\" aria-invalid=\"false\" type=\"text\" name=\"quiz-694\" \/><\/label><input type=\"hidden\" name=\"_wpcf7_quiz_answer_quiz-694\" value=\"6069f24e8dea83764a5b3472bf1048ee\" \/><\/span>\n<\/p>\n<p><input class=\"wpcf7-form-control wpcf7-submit has-spinner\" type=\"submit\" value=\"Senden\" \/>\n<\/p><div class=\"wpcf7-response-output\" aria-hidden=\"true\"><\/div>\n<\/form>\n<\/div>\n[\/vc_column][\/vc_row]<\/p>\n<\/div>","protected":false},"excerpt":{"rendered":"<p>[vc_row css_animation=&#8220;&#8220; row_type=&#8220;row&#8220; use_row_as_full_screen_section=&#8220;no&#8220; type=&#8220;full_width&#8220; angled_section=&#8220;no&#8220; text_align=&#8220;center&#8220; background_image_as_pattern=&#8220;without_pattern&#8220; padding_top=&#8220;20&#8243; padding_bottom=&#8220;50&#8243; z_index=&#8220;&#8220;][vc_column][vc_column_text css=&#8220;&#8220;][\/vc_column_text][\/vc_column][\/vc_row][vc_row css_animation=&#8220;&#8220; row_type=&#8220;row&#8220; use_row_as_full_screen_section=&#8220;no&#8220; type=&#8220;grid&#8220; angled_section=&#8220;no&#8220; text_align=&#8220;center&#8220; background_image_as_pattern=&#8220;without_pattern&#8220; padding_top=&#8220;20&#8243; padding_bottom=&#8220;50&#8243; z_index=&#8220;&#8220;][vc_column][vc_column_text] M\u00f6chten Sie Teil des Teams der Zahnklinik Naveiras sein? [\/vc_column_text][vc_separator type=&#8220;transparent&#8220; up=&#8220;30&#8243; down=&#8220;6&#8243;][\/vc_column][\/vc_row][vc_row css_animation=&#8220;&#8220; row_type=&#8220;row&#8220; use_row_as_full_screen_section=&#8220;no&#8220; type=&#8220;grid&#8220; angled_section=&#8220;no&#8220; text_align=&#8220;left&#8220; background_image_as_pattern=&#8220;without_pattern&#8220; padding_top=&#8220;20&#8243; padding_bottom=&#8220;50&#8243; z_index=&#8220;&#8220;][vc_column&#8230;<\/p>\n","protected":false},"author":1,"featured_media":0,"parent":0,"menu_order":0,"comment_status":"closed","ping_status":"closed","template":"full_width.php","meta":{"_joinchat":[],"footnotes":""},"class_list":["post-17071","page","type-page","status-publish","hentry"],"yoast_head":"<!-- This site is optimized with the Yoast SEO plugin v27.2 - https:\/\/yoast.com\/product\/yoast-seo-wordpress\/ -->\n<title>KONTAKT - Cl\u00ednica Dental Naveiras<\/title>\n<meta name=\"robots\" content=\"index, follow, max-snippet:-1, max-image-preview:large, max-video-preview:-1\" \/>\n<link rel=\"canonical\" href=\"https:\/\/clinicadentalnaveiras.com\/de\/kontakt\/\" \/>\n<meta property=\"og:locale\" content=\"de_DE\" \/>\n<meta property=\"og:type\" content=\"article\" \/>\n<meta property=\"og:title\" content=\"KONTAKT - Cl\u00ednica Dental Naveiras\" \/>\n<meta property=\"og:description\" content=\"[vc_row css_animation=&#8220;&#8220; row_type=&#8220;row&#8220; use_row_as_full_screen_section=&#8220;no&#8220; type=&#8220;full_width&#8220; angled_section=&#8220;no&#8220; text_align=&#8220;center&#8220; background_image_as_pattern=&#8220;without_pattern&#8220; padding_top=&#8220;20&#8243; padding_bottom=&#8220;50&#8243; z_index=&#8220;&#8220;][vc_column][vc_column_text css=&#8220;&#8220;][\/vc_column_text][\/vc_column][\/vc_row][vc_row css_animation=&#8220;&#8220; row_type=&#8220;row&#8220; use_row_as_full_screen_section=&#8220;no&#8220; type=&#8220;grid&#8220; angled_section=&#8220;no&#8220; text_align=&#8220;center&#8220; background_image_as_pattern=&#8220;without_pattern&#8220; padding_top=&#8220;20&#8243; padding_bottom=&#8220;50&#8243; z_index=&#8220;&#8220;][vc_column][vc_column_text] M\u00f6chten Sie Teil des Teams der Zahnklinik Naveiras sein? [\/vc_column_text][vc_separator type=&#8220;transparent&#8220; up=&#8220;30&#8243; down=&#8220;6&#8243;][\/vc_column][\/vc_row][vc_row css_animation=&#8220;&#8220; row_type=&#8220;row&#8220; use_row_as_full_screen_section=&#8220;no&#8220; type=&#8220;grid&#8220; angled_section=&#8220;no&#8220; text_align=&#8220;left&#8220; background_image_as_pattern=&#8220;without_pattern&#8220; padding_top=&#8220;20&#8243; padding_bottom=&#8220;50&#8243; z_index=&#8220;&#8220;][vc_column...\" \/>\n<meta property=\"og:url\" content=\"https:\/\/clinicadentalnaveiras.com\/de\/kontakt\/\" \/>\n<meta property=\"og:site_name\" content=\"Cl\u00ednica Dental Naveiras\" \/>\n<meta property=\"article:publisher\" content=\"https:\/\/www.facebook.com\/clinicadentalnaveiras\" \/>\n<meta property=\"article:modified_time\" content=\"2025-07-18T11:13:04+00:00\" \/>\n<meta name=\"twitter:card\" content=\"summary_large_image\" \/>\n<meta name=\"twitter:site\" content=\"@DentalNaveiras\" \/>\n<meta name=\"twitter:label1\" content=\"Gesch\u00e4tzte Lesezeit\" \/>\n\t<meta name=\"twitter:data1\" content=\"1\u00a0Minute\" \/>\n<script type=\"application\/ld+json\" class=\"yoast-schema-graph\">{\"@context\":\"https:\/\/schema.org\",\"@graph\":[{\"@type\":\"WebPage\",\"@id\":\"https:\/\/clinicadentalnaveiras.com\/de\/kontakt\/\",\"url\":\"https:\/\/clinicadentalnaveiras.com\/de\/kontakt\/\",\"name\":\"KONTAKT - Cl\u00ednica Dental Naveiras\",\"isPartOf\":{\"@id\":\"https:\/\/clinicadentalnaveiras.com\/de\/#website\"},\"datePublished\":\"2020-03-04T11:22:40+00:00\",\"dateModified\":\"2025-07-18T11:13:04+00:00\",\"breadcrumb\":{\"@id\":\"https:\/\/clinicadentalnaveiras.com\/de\/kontakt\/#breadcrumb\"},\"inLanguage\":\"de\",\"potentialAction\":[{\"@type\":\"ReadAction\",\"target\":[\"https:\/\/clinicadentalnaveiras.com\/de\/kontakt\/\"]}]},{\"@type\":\"BreadcrumbList\",\"@id\":\"https:\/\/clinicadentalnaveiras.com\/de\/kontakt\/#breadcrumb\",\"itemListElement\":[{\"@type\":\"ListItem\",\"position\":1,\"name\":\"Portada\",\"item\":\"https:\/\/clinicadentalnaveiras.com\/de\/\"},{\"@type\":\"ListItem\",\"position\":2,\"name\":\"KONTAKT\"}]},{\"@type\":\"WebSite\",\"@id\":\"https:\/\/clinicadentalnaveiras.com\/de\/#website\",\"url\":\"https:\/\/clinicadentalnaveiras.com\/de\/\",\"name\":\"Cl\u00ednica Dental Naveiras\",\"description\":\"Tenerife\",\"potentialAction\":[{\"@type\":\"SearchAction\",\"target\":{\"@type\":\"EntryPoint\",\"urlTemplate\":\"https:\/\/clinicadentalnaveiras.com\/de\/?s={search_term_string}\"},\"query-input\":{\"@type\":\"PropertyValueSpecification\",\"valueRequired\":true,\"valueName\":\"search_term_string\"}}],\"inLanguage\":\"de\"}]}<\/script>\n<!-- \/ Yoast SEO plugin. -->","yoast_head_json":{"title":"KONTAKT - Cl\u00ednica Dental Naveiras","robots":{"index":"index","follow":"follow","max-snippet":"max-snippet:-1","max-image-preview":"max-image-preview:large","max-video-preview":"max-video-preview:-1"},"canonical":"https:\/\/clinicadentalnaveiras.com\/de\/kontakt\/","og_locale":"de_DE","og_type":"article","og_title":"KONTAKT - Cl\u00ednica Dental Naveiras","og_description":"[vc_row css_animation=&#8220;&#8220; row_type=&#8220;row&#8220; use_row_as_full_screen_section=&#8220;no&#8220; type=&#8220;full_width&#8220; angled_section=&#8220;no&#8220; text_align=&#8220;center&#8220; background_image_as_pattern=&#8220;without_pattern&#8220; padding_top=&#8220;20&#8243; padding_bottom=&#8220;50&#8243; z_index=&#8220;&#8220;][vc_column][vc_column_text css=&#8220;&#8220;][\/vc_column_text][\/vc_column][\/vc_row][vc_row css_animation=&#8220;&#8220; row_type=&#8220;row&#8220; use_row_as_full_screen_section=&#8220;no&#8220; type=&#8220;grid&#8220; angled_section=&#8220;no&#8220; text_align=&#8220;center&#8220; background_image_as_pattern=&#8220;without_pattern&#8220; padding_top=&#8220;20&#8243; padding_bottom=&#8220;50&#8243; z_index=&#8220;&#8220;][vc_column][vc_column_text] M\u00f6chten Sie Teil des Teams der Zahnklinik Naveiras sein? [\/vc_column_text][vc_separator type=&#8220;transparent&#8220; up=&#8220;30&#8243; down=&#8220;6&#8243;][\/vc_column][\/vc_row][vc_row css_animation=&#8220;&#8220; row_type=&#8220;row&#8220; use_row_as_full_screen_section=&#8220;no&#8220; type=&#8220;grid&#8220; angled_section=&#8220;no&#8220; text_align=&#8220;left&#8220; background_image_as_pattern=&#8220;without_pattern&#8220; padding_top=&#8220;20&#8243; padding_bottom=&#8220;50&#8243; z_index=&#8220;&#8220;][vc_column...","og_url":"https:\/\/clinicadentalnaveiras.com\/de\/kontakt\/","og_site_name":"Cl\u00ednica Dental Naveiras","article_publisher":"https:\/\/www.facebook.com\/clinicadentalnaveiras","article_modified_time":"2025-07-18T11:13:04+00:00","twitter_card":"summary_large_image","twitter_site":"@DentalNaveiras","twitter_misc":{"Gesch\u00e4tzte Lesezeit":"1\u00a0Minute"},"schema":{"@context":"https:\/\/schema.org","@graph":[{"@type":"WebPage","@id":"https:\/\/clinicadentalnaveiras.com\/de\/kontakt\/","url":"https:\/\/clinicadentalnaveiras.com\/de\/kontakt\/","name":"KONTAKT - Cl\u00ednica Dental Naveiras","isPartOf":{"@id":"https:\/\/clinicadentalnaveiras.com\/de\/#website"},"datePublished":"2020-03-04T11:22:40+00:00","dateModified":"2025-07-18T11:13:04+00:00","breadcrumb":{"@id":"https:\/\/clinicadentalnaveiras.com\/de\/kontakt\/#breadcrumb"},"inLanguage":"de","potentialAction":[{"@type":"ReadAction","target":["https:\/\/clinicadentalnaveiras.com\/de\/kontakt\/"]}]},{"@type":"BreadcrumbList","@id":"https:\/\/clinicadentalnaveiras.com\/de\/kontakt\/#breadcrumb","itemListElement":[{"@type":"ListItem","position":1,"name":"Portada","item":"https:\/\/clinicadentalnaveiras.com\/de\/"},{"@type":"ListItem","position":2,"name":"KONTAKT"}]},{"@type":"WebSite","@id":"https:\/\/clinicadentalnaveiras.com\/de\/#website","url":"https:\/\/clinicadentalnaveiras.com\/de\/","name":"Cl\u00ednica Dental Naveiras","description":"Tenerife","potentialAction":[{"@type":"SearchAction","target":{"@type":"EntryPoint","urlTemplate":"https:\/\/clinicadentalnaveiras.com\/de\/?s={search_term_string}"},"query-input":{"@type":"PropertyValueSpecification","valueRequired":true,"valueName":"search_term_string"}}],"inLanguage":"de"}]}},"_links":{"self":[{"href":"https:\/\/clinicadentalnaveiras.com\/de\/wp-json\/wp\/v2\/pages\/17071","targetHints":{"allow":["GET"]}}],"collection":[{"href":"https:\/\/clinicadentalnaveiras.com\/de\/wp-json\/wp\/v2\/pages"}],"about":[{"href":"https:\/\/clinicadentalnaveiras.com\/de\/wp-json\/wp\/v2\/types\/page"}],"author":[{"embeddable":true,"href":"https:\/\/clinicadentalnaveiras.com\/de\/wp-json\/wp\/v2\/users\/1"}],"replies":[{"embeddable":true,"href":"https:\/\/clinicadentalnaveiras.com\/de\/wp-json\/wp\/v2\/comments?post=17071"}],"version-history":[{"count":7,"href":"https:\/\/clinicadentalnaveiras.com\/de\/wp-json\/wp\/v2\/pages\/17071\/revisions"}],"predecessor-version":[{"id":17572,"href":"https:\/\/clinicadentalnaveiras.com\/de\/wp-json\/wp\/v2\/pages\/17071\/revisions\/17572"}],"wp:attachment":[{"href":"https:\/\/clinicadentalnaveiras.com\/de\/wp-json\/wp\/v2\/media?parent=17071"}],"curies":[{"name":"wp","href":"https:\/\/api.w.org\/{rel}","templated":true}]}}