{"id":17078,"date":"2020-03-04T11:35:07","date_gmt":"2020-03-04T11:35:07","guid":{"rendered":"https:\/\/clinicadentalnaveiras.com\/?page_id=17078"},"modified":"2020-03-04T11:40:30","modified_gmt":"2020-03-04T11:40:30","slug":"fordern-sie-einen-termin-an","status":"publish","type":"page","link":"https:\/\/clinicadentalnaveiras.com\/de\/fordern-sie-einen-termin-an\/","title":{"rendered":"FORDERN SIE EIEN TERMIN AN"},"content":{"rendered":"<div class=\"wpb-content-wrapper\"><p>[vc_row css_animation=&#8220;&#8220; row_type=&#8220;row&#8220; use_row_as_full_screen_section=&#8220;no&#8220; type=&#8220;grid&#8220; angled_section=&#8220;no&#8220; text_align=&#8220;left&#8220; background_image_as_pattern=&#8220;without_pattern&#8220; padding_top=&#8220;101&#8243; padding_bottom=&#8220;80&#8243;][vc_column width=&#8220;1\/4&#8243;][vc_column_text]<\/p>\n<h2>Fordern Sie einen Termin an<\/h2>\n<p>[\/vc_column_text][vc_separator type=&#8220;small&#8220; position=&#8220;left&#8220; up=&#8220;17&#8243; down=&#8220;25&#8243;][vc_column_text]Wenn Sie das folgende Formular ausf\u00fcllen, k\u00f6nnen wir ein wenig mehr \u00fcber Ihre Bed\u00fcrfnisse erfahren und somit ein bestimmtes Datum und eine bestimmte Uhrzeit festlegen, um Sie zu unterst\u00fctzen.<\/p>\n<p>Denken Sie daran, dass Sie einen Termin auch auf unsere \u00fcbliche Weise anfordern k\u00f6nnen, indem Sie uns unter +34 922 244 431 anrufen oder, wenn Sie es vorziehen, eine E-Mail an clinica@naveiras.es senden<\/p>\n<p>Wir werden uns so schnell wie m\u00f6glich bei Ihnen melden.<\/p>\n<p>Vielen Dank[\/vc_column_text][\/vc_column][vc_column width=&#8220;3\/4&#8243;][vc_column_text]\n<div class=\"wpcf7 no-js\" id=\"wpcf7-f17076-o1\" lang=\"es-ES\" dir=\"ltr\" data-wpcf7-id=\"17076\">\n<div class=\"screen-reader-response\"><p role=\"status\" aria-live=\"polite\" aria-atomic=\"true\"><\/p> <ul><\/ul><\/div>\n<form action=\"\/de\/wp-json\/wp\/v2\/pages\/17078#wpcf7-f17076-o1\" method=\"post\" class=\"wpcf7-form init\" aria-label=\"Formulario de contacto\" novalidate=\"novalidate\" data-status=\"init\">\n<fieldset class=\"hidden-fields-container\"><input type=\"hidden\" name=\"_wpcf7\" value=\"17076\" \/><input type=\"hidden\" name=\"_wpcf7_version\" value=\"6.1.5\" \/><input type=\"hidden\" name=\"_wpcf7_locale\" value=\"es_ES\" \/><input type=\"hidden\" name=\"_wpcf7_unit_tag\" value=\"wpcf7-f17076-o1\" \/><input type=\"hidden\" name=\"_wpcf7_container_post\" value=\"0\" \/><input type=\"hidden\" name=\"_wpcf7_posted_data_hash\" value=\"\" \/>\n<\/fieldset>\n<p>Sind Sie Kunde? (erforderlich)\n<\/p>\n<p><span class=\"wpcf7-form-control-wrap\" data-name=\"radio-685\"><span class=\"wpcf7-form-control wpcf7-radio\"><span class=\"wpcf7-list-item first\"><input type=\"radio\" name=\"radio-685\" value=\"Yes\" \/><span class=\"wpcf7-list-item-label\">Yes<\/span><\/span><span class=\"wpcf7-list-item last\"><input type=\"radio\" name=\"radio-685\" value=\"No\" \/><span class=\"wpcf7-list-item-label\">No<\/span><\/span><\/span><\/span>\n<\/p>\n<p>Name (erforderlich)\n<\/p>\n<p><span class=\"wpcf7-form-control-wrap\" data-name=\"your-name\"><input size=\"40\" maxlength=\"400\" class=\"wpcf7-form-control wpcf7-text wpcf7-validates-as-required\" aria-required=\"true\" aria-invalid=\"false\" value=\"\" type=\"text\" name=\"your-name\" \/><\/span>\n<\/p>\n<p>E-mail (erforderlich)\n<\/p>\n<p><span class=\"wpcf7-form-control-wrap\" data-name=\"your-email\"><input size=\"40\" maxlength=\"400\" class=\"wpcf7-form-control wpcf7-email wpcf7-validates-as-required wpcf7-text wpcf7-validates-as-email\" aria-required=\"true\" aria-invalid=\"false\" value=\"\" type=\"email\" name=\"your-email\" \/><\/span>\n<\/p>\n<p>Telefon (erforderlich)\n<\/p>\n<p><span class=\"wpcf7-form-control-wrap\" data-name=\"tel-875\"><input size=\"40\" maxlength=\"400\" class=\"wpcf7-form-control wpcf7-tel wpcf7-validates-as-required wpcf7-text wpcf7-validates-as-tel\" aria-required=\"true\" aria-invalid=\"false\" value=\"\" type=\"tel\" name=\"tel-875\" \/><\/span>\n<\/p>\n<p>Spezialit\u00e4t (erforderlich)\n<\/p>\n<p><span class=\"wpcf7-form-control-wrap\" data-name=\"radio-580\"><span class=\"wpcf7-form-control wpcf7-radio\"><span class=\"wpcf7-list-item first\"><input type=\"radio\" name=\"radio-580\" value=\"Zahn\u00e4sthetik\" \/><span class=\"wpcf7-list-item-label\">Zahn\u00e4sthetik<\/span><\/span><span class=\"wpcf7-list-item\"><input type=\"radio\" name=\"radio-580\" value=\"Parodontologie\" \/><span class=\"wpcf7-list-item-label\">Parodontologie<\/span><\/span><span class=\"wpcf7-list-item\"><input type=\"radio\" name=\"radio-580\" value=\"Endodontie\" \/><span class=\"wpcf7-list-item-label\">Endodontie<\/span><\/span><span class=\"wpcf7-list-item\"><input type=\"radio\" name=\"radio-580\" value=\"Kieferorthop\u00e4die\" \/><span class=\"wpcf7-list-item-label\">Kieferorthop\u00e4die<\/span><\/span><span class=\"wpcf7-list-item last\"><input type=\"radio\" name=\"radio-580\" value=\"Zahnimplantat\" \/><span class=\"wpcf7-list-item-label\">Zahnimplantat<\/span><\/span><\/span><\/span>\n<\/p>\n<p>Betreff<br \/>\n<span class=\"wpcf7-form-control-wrap\" data-name=\"your-subject\"><input size=\"40\" maxlength=\"400\" class=\"wpcf7-form-control wpcf7-text wpcf7-validates-as-required\" aria-required=\"true\" aria-invalid=\"false\" value=\"\" type=\"text\" name=\"your-subject\" \/><\/span>\n<\/p>\n<p>Nachricht\n<\/p>\n<p><span class=\"wpcf7-form-control-wrap\" data-name=\"your-message\"><textarea cols=\"40\" rows=\"10\" maxlength=\"2000\" class=\"wpcf7-form-control wpcf7-textarea\" aria-invalid=\"false\" name=\"your-message\"><\/textarea><\/span>\n<\/p>\n<p>Ihre Daten k\u00f6nnen in eine Datei aufgenommen werden, f\u00fcr die Cl\u00ednica Dental Naveiras verantwortlich ist, sowie in die computergest\u00fctzte Behandlung oder nicht, um Ihre Anfrage an die entsprechende Abteilung zu bearbeiten. Cl\u00ednica Dental Naveiras kann diese personenbezogenen Daten verarbeiten, um Ihnen Informationen, die f\u00fcr Sie von Interesse sein k\u00f6nnten, per Telefon, Post oder elektronisch zu senden. Benutzer, deren Daten einer Behandlung unterliegen, k\u00f6nnen ihre Rechte auf Zugang, Berichtigung, L\u00f6schung, Portabilit\u00e4t, Widerspruch und Einschr\u00e4nkung ihrer Daten gem\u00e4\u00df den Bestimmungen des Organgesetzes 3\/2018 vom 5. Dezember zum Schutz personenbezogener Daten und Garantien frei aus\u00fcben der digitalen Rechte und der Bestimmungen der RGPD-EU 679\/2016 und anderer aktueller Vorschriften gem\u00e4\u00df dem gesetzlich festgelegten Verfahren. Diese Rechte k\u00f6nnen ausge\u00fcbt werden, indem eine ordnungsgem\u00e4\u00df unterzeichnete schriftliche Mitteilung mit einer Fotokopie des DNI an die Zahnklinik Naveiras mit der Adresse C \/ San Vicente Ferrer 1.38003 Santa Cruz de Tenerife, Santa Cruz de Tenerife, gerichtet wird.\n<\/p>\n<p>Sie k\u00f6nnen unser DPD Axionnet Network S.L. \u00fcber die folgende E-Mail lopd@axionnet.com\n<\/p>\n<p><span class=\"wpcf7-form-control-wrap\" data-name=\"acceptance-380\"><span class=\"wpcf7-form-control wpcf7-acceptance\"><span class=\"wpcf7-list-item\"><input type=\"checkbox\" name=\"acceptance-380\" value=\"1\" aria-invalid=\"false\" \/><\/span><\/span><\/span> Ich akzeptiere <a href=\"https:\/\/clinicadentalnaveiras.com\/wp-content\/uploads\/2024\/05\/Politica-Privacidad-Naveiras-2024-1.pdf\" target=\"_blank\"\/>die Datenschutzbestimmungen <\/a> | <a href=\"https:\/\/clinicadentalnaveiras.com\/wp-content\/uploads\/2024\/05\/Politica-Cookies-Naveiras-2024-1.pdf\" target=\"_blank\"\/>Cookie-Richtlinie<\/a>\n<\/p>\n<p><span class=\"wpcf7-form-control-wrap\" data-name=\"quiz-885\"><label><span class=\"wpcf7-quiz-label\">uno + 2=<\/span> <input size=\"40\" class=\"wpcf7-form-control wpcf7-quiz\" autocomplete=\"off\" aria-required=\"true\" aria-invalid=\"false\" type=\"text\" name=\"quiz-885\" \/><\/label><input type=\"hidden\" name=\"_wpcf7_quiz_answer_quiz-885\" value=\"0ceb4792b975c765126de613d2c075b1\" \/><\/span>\n<\/p>\n<p><input class=\"wpcf7-form-control wpcf7-submit has-spinner\" type=\"submit\" value=\"&lt;Senden\" \/>\n<\/p><div class=\"wpcf7-response-output\" aria-hidden=\"true\"><\/div>\n<\/form>\n<\/div>\n[\/vc_column_text][\/vc_column][\/vc_row]<\/p>\n<\/div>","protected":false},"excerpt":{"rendered":"<p>[vc_row css_animation=&#8220;&#8220; row_type=&#8220;row&#8220; use_row_as_full_screen_section=&#8220;no&#8220; type=&#8220;grid&#8220; angled_section=&#8220;no&#8220; text_align=&#8220;left&#8220; background_image_as_pattern=&#8220;without_pattern&#8220; padding_top=&#8220;101&#8243; padding_bottom=&#8220;80&#8243;][vc_column width=&#8220;1\/4&#8243;][vc_column_text] Fordern Sie einen Termin an [\/vc_column_text][vc_separator type=&#8220;small&#8220; position=&#8220;left&#8220; up=&#8220;17&#8243; down=&#8220;25&#8243;][vc_column_text]Wenn Sie das folgende Formular ausf\u00fcllen, k\u00f6nnen wir ein wenig mehr \u00fcber Ihre Bed\u00fcrfnisse erfahren und somit ein bestimmtes Datum und eine bestimmte Uhrzeit festlegen,&#8230;<\/p>\n","protected":false},"author":1,"featured_media":0,"parent":0,"menu_order":0,"comment_status":"closed","ping_status":"closed","template":"full_width.php","meta":{"_joinchat":[],"footnotes":""},"class_list":["post-17078","page","type-page","status-publish","hentry"],"yoast_head":"<!-- This site is optimized with the Yoast SEO plugin v27.4 - https:\/\/yoast.com\/product\/yoast-seo-wordpress\/ -->\n<title>FORDERN SIE EIEN TERMIN AN - Cl\u00ednica Dental Naveiras<\/title>\n<meta name=\"robots\" content=\"index, follow, max-snippet:-1, max-image-preview:large, max-video-preview:-1\" \/>\n<link rel=\"canonical\" href=\"https:\/\/clinicadentalnaveiras.com\/de\/fordern-sie-einen-termin-an\/\" \/>\n<meta property=\"og:locale\" content=\"de_DE\" \/>\n<meta property=\"og:type\" content=\"article\" \/>\n<meta property=\"og:title\" content=\"FORDERN SIE EIEN TERMIN AN - Cl\u00ednica Dental Naveiras\" \/>\n<meta property=\"og:description\" content=\"[vc_row css_animation=&#8220;&#8220; row_type=&#8220;row&#8220; use_row_as_full_screen_section=&#8220;no&#8220; type=&#8220;grid&#8220; angled_section=&#8220;no&#8220; text_align=&#8220;left&#8220; background_image_as_pattern=&#8220;without_pattern&#8220; padding_top=&#8220;101&#8243; padding_bottom=&#8220;80&#8243;][vc_column width=&#8220;1\/4&#8243;][vc_column_text] Fordern Sie einen Termin an [\/vc_column_text][vc_separator type=&#8220;small&#8220; position=&#8220;left&#8220; up=&#8220;17&#8243; down=&#8220;25&#8243;][vc_column_text]Wenn Sie das folgende Formular ausf\u00fcllen, k\u00f6nnen wir ein wenig mehr \u00fcber Ihre Bed\u00fcrfnisse erfahren und somit ein bestimmtes Datum und eine bestimmte Uhrzeit festlegen,...\" \/>\n<meta property=\"og:url\" content=\"https:\/\/clinicadentalnaveiras.com\/de\/fordern-sie-einen-termin-an\/\" \/>\n<meta property=\"og:site_name\" content=\"Cl\u00ednica Dental Naveiras\" \/>\n<meta property=\"article:publisher\" content=\"https:\/\/www.facebook.com\/clinicadentalnaveiras\" \/>\n<meta property=\"article:modified_time\" content=\"2020-03-04T11:40:30+00:00\" \/>\n<meta name=\"twitter:card\" content=\"summary_large_image\" \/>\n<meta name=\"twitter:site\" content=\"@DentalNaveiras\" \/>\n<meta name=\"twitter:label1\" content=\"Gesch\u00e4tzte Lesezeit\" \/>\n\t<meta name=\"twitter:data1\" content=\"1\u00a0Minute\" \/>\n<script type=\"application\/ld+json\" class=\"yoast-schema-graph\">{\"@context\":\"https:\\\/\\\/schema.org\",\"@graph\":[{\"@type\":\"WebPage\",\"@id\":\"https:\\\/\\\/clinicadentalnaveiras.com\\\/de\\\/fordern-sie-einen-termin-an\\\/\",\"url\":\"https:\\\/\\\/clinicadentalnaveiras.com\\\/de\\\/fordern-sie-einen-termin-an\\\/\",\"name\":\"FORDERN SIE EIEN TERMIN AN - Cl\u00ednica Dental Naveiras\",\"isPartOf\":{\"@id\":\"https:\\\/\\\/clinicadentalnaveiras.com\\\/de\\\/#website\"},\"datePublished\":\"2020-03-04T11:35:07+00:00\",\"dateModified\":\"2020-03-04T11:40:30+00:00\",\"breadcrumb\":{\"@id\":\"https:\\\/\\\/clinicadentalnaveiras.com\\\/de\\\/fordern-sie-einen-termin-an\\\/#breadcrumb\"},\"inLanguage\":\"de\",\"potentialAction\":[{\"@type\":\"ReadAction\",\"target\":[\"https:\\\/\\\/clinicadentalnaveiras.com\\\/de\\\/fordern-sie-einen-termin-an\\\/\"]}]},{\"@type\":\"BreadcrumbList\",\"@id\":\"https:\\\/\\\/clinicadentalnaveiras.com\\\/de\\\/fordern-sie-einen-termin-an\\\/#breadcrumb\",\"itemListElement\":[{\"@type\":\"ListItem\",\"position\":1,\"name\":\"Portada\",\"item\":\"https:\\\/\\\/clinicadentalnaveiras.com\\\/de\\\/\"},{\"@type\":\"ListItem\",\"position\":2,\"name\":\"FORDERN SIE EIEN TERMIN AN\"}]},{\"@type\":\"WebSite\",\"@id\":\"https:\\\/\\\/clinicadentalnaveiras.com\\\/de\\\/#website\",\"url\":\"https:\\\/\\\/clinicadentalnaveiras.com\\\/de\\\/\",\"name\":\"Cl\u00ednica Dental Naveiras\",\"description\":\"Tenerife\",\"potentialAction\":[{\"@type\":\"SearchAction\",\"target\":{\"@type\":\"EntryPoint\",\"urlTemplate\":\"https:\\\/\\\/clinicadentalnaveiras.com\\\/de\\\/?s={search_term_string}\"},\"query-input\":{\"@type\":\"PropertyValueSpecification\",\"valueRequired\":true,\"valueName\":\"search_term_string\"}}],\"inLanguage\":\"de\"}]}<\/script>\n<!-- \/ Yoast SEO plugin. -->","yoast_head_json":{"title":"FORDERN SIE EIEN TERMIN AN - Cl\u00ednica Dental Naveiras","robots":{"index":"index","follow":"follow","max-snippet":"max-snippet:-1","max-image-preview":"max-image-preview:large","max-video-preview":"max-video-preview:-1"},"canonical":"https:\/\/clinicadentalnaveiras.com\/de\/fordern-sie-einen-termin-an\/","og_locale":"de_DE","og_type":"article","og_title":"FORDERN SIE EIEN TERMIN AN - Cl\u00ednica Dental Naveiras","og_description":"[vc_row css_animation=&#8220;&#8220; row_type=&#8220;row&#8220; use_row_as_full_screen_section=&#8220;no&#8220; type=&#8220;grid&#8220; angled_section=&#8220;no&#8220; text_align=&#8220;left&#8220; background_image_as_pattern=&#8220;without_pattern&#8220; padding_top=&#8220;101&#8243; padding_bottom=&#8220;80&#8243;][vc_column width=&#8220;1\/4&#8243;][vc_column_text] Fordern Sie einen Termin an [\/vc_column_text][vc_separator type=&#8220;small&#8220; position=&#8220;left&#8220; up=&#8220;17&#8243; down=&#8220;25&#8243;][vc_column_text]Wenn Sie das folgende Formular ausf\u00fcllen, k\u00f6nnen wir ein wenig mehr \u00fcber Ihre Bed\u00fcrfnisse erfahren und somit ein bestimmtes Datum und eine bestimmte Uhrzeit festlegen,...","og_url":"https:\/\/clinicadentalnaveiras.com\/de\/fordern-sie-einen-termin-an\/","og_site_name":"Cl\u00ednica Dental Naveiras","article_publisher":"https:\/\/www.facebook.com\/clinicadentalnaveiras","article_modified_time":"2020-03-04T11:40:30+00:00","twitter_card":"summary_large_image","twitter_site":"@DentalNaveiras","twitter_misc":{"Gesch\u00e4tzte Lesezeit":"1\u00a0Minute"},"schema":{"@context":"https:\/\/schema.org","@graph":[{"@type":"WebPage","@id":"https:\/\/clinicadentalnaveiras.com\/de\/fordern-sie-einen-termin-an\/","url":"https:\/\/clinicadentalnaveiras.com\/de\/fordern-sie-einen-termin-an\/","name":"FORDERN SIE EIEN TERMIN AN - Cl\u00ednica Dental Naveiras","isPartOf":{"@id":"https:\/\/clinicadentalnaveiras.com\/de\/#website"},"datePublished":"2020-03-04T11:35:07+00:00","dateModified":"2020-03-04T11:40:30+00:00","breadcrumb":{"@id":"https:\/\/clinicadentalnaveiras.com\/de\/fordern-sie-einen-termin-an\/#breadcrumb"},"inLanguage":"de","potentialAction":[{"@type":"ReadAction","target":["https:\/\/clinicadentalnaveiras.com\/de\/fordern-sie-einen-termin-an\/"]}]},{"@type":"BreadcrumbList","@id":"https:\/\/clinicadentalnaveiras.com\/de\/fordern-sie-einen-termin-an\/#breadcrumb","itemListElement":[{"@type":"ListItem","position":1,"name":"Portada","item":"https:\/\/clinicadentalnaveiras.com\/de\/"},{"@type":"ListItem","position":2,"name":"FORDERN SIE EIEN TERMIN AN"}]},{"@type":"WebSite","@id":"https:\/\/clinicadentalnaveiras.com\/de\/#website","url":"https:\/\/clinicadentalnaveiras.com\/de\/","name":"Cl\u00ednica Dental Naveiras","description":"Tenerife","potentialAction":[{"@type":"SearchAction","target":{"@type":"EntryPoint","urlTemplate":"https:\/\/clinicadentalnaveiras.com\/de\/?s={search_term_string}"},"query-input":{"@type":"PropertyValueSpecification","valueRequired":true,"valueName":"search_term_string"}}],"inLanguage":"de"}]}},"_links":{"self":[{"href":"https:\/\/clinicadentalnaveiras.com\/de\/wp-json\/wp\/v2\/pages\/17078","targetHints":{"allow":["GET"]}}],"collection":[{"href":"https:\/\/clinicadentalnaveiras.com\/de\/wp-json\/wp\/v2\/pages"}],"about":[{"href":"https:\/\/clinicadentalnaveiras.com\/de\/wp-json\/wp\/v2\/types\/page"}],"author":[{"embeddable":true,"href":"https:\/\/clinicadentalnaveiras.com\/de\/wp-json\/wp\/v2\/users\/1"}],"replies":[{"embeddable":true,"href":"https:\/\/clinicadentalnaveiras.com\/de\/wp-json\/wp\/v2\/comments?post=17078"}],"version-history":[{"count":3,"href":"https:\/\/clinicadentalnaveiras.com\/de\/wp-json\/wp\/v2\/pages\/17078\/revisions"}],"predecessor-version":[{"id":17085,"href":"https:\/\/clinicadentalnaveiras.com\/de\/wp-json\/wp\/v2\/pages\/17078\/revisions\/17085"}],"wp:attachment":[{"href":"https:\/\/clinicadentalnaveiras.com\/de\/wp-json\/wp\/v2\/media?parent=17078"}],"curies":[{"name":"wp","href":"https:\/\/api.w.org\/{rel}","templated":true}]}}