{"id":17601,"date":"2026-04-15T11:19:27","date_gmt":"2026-04-15T11:19:27","guid":{"rendered":"https:\/\/clinicadentalnaveiras.com\/?page_id=17601"},"modified":"2026-04-15T11:19:27","modified_gmt":"2026-04-15T11:19:27","slug":"europaeischer-sozialfonds-plus","status":"publish","type":"page","link":"https:\/\/clinicadentalnaveiras.com\/de\/europaeischer-sozialfonds-plus\/","title":{"rendered":"Europ\u00e4ischer Sozialfonds Plus"},"content":{"rendered":"<div class=\"wpb-content-wrapper\"><p>[vc_row css_animation=&#8220;&#8220; row_type=&#8220;row&#8220; use_row_as_full_screen_section=&#8220;no&#8220; type=&#8220;full_width&#8220; angled_section=&#8220;no&#8220; text_align=&#8220;left&#8220; background_image_as_pattern=&#8220;without_pattern&#8220; css=&#8220;.vc_custom_1776251374305{padding-top: 50px !important;padding-bottom: 50px !important;}&#8220; z_index=&#8220;&#8220;][vc_column][vc_column_text css=&#8220;&#8220;]<\/p>\n<h1>Europ\u00e4ischer Sozialfonds Plus<\/h1>\n<p>[\/vc_column_text][vc_empty_space height=&#8220;15px&#8220;][vc_column_text css=&#8220;&#8220;]Beg\u00fcnstigte Einrichtung der Subventionen an Unternehmen und gleichwertige Einrichtungen des privaten Sektors, die an Ma\u00dfnahmen teilnehmen, die mit Mitteln des Europ\u00e4ischen Sozialfonds Plus im Rahmen des ESF+-Programms 2021-2027 Autonome Gemeinschaft der Kanarischen Inseln kofinanziert werden und zur Ma\u00dfnahme \u201eUnterst\u00fctzung der dualen Ausbildung\u201c in ihrer Ausbildungsphase au\u00dferhalb des Bildungszentrums geh\u00f6ren.[\/vc_column_text][vc_empty_space][vc_single_image image=&#8220;17587&#8243; img_size=&#8220;800&#215;536&#8243; css=&#8220;&#8220; qode_css_animation=&#8220;&#8220;][vc_empty_space]<a  itemprop=\"url\" href=\"https:\/\/clinicadentalnaveiras.com\/wp-content\/uploads\/2026\/04\/Fondo-Social-Europeo-Plus-Clinica-Dental-Naveiras.pdf\" target=\"_blank\"  class=\"qbutton  default\" style=\"\">Ver PDF<\/a>[\/vc_column][\/vc_row]<\/p>\n<\/div>","protected":false},"excerpt":{"rendered":"<p>[vc_row css_animation=&#8220;&#8220; row_type=&#8220;row&#8220; use_row_as_full_screen_section=&#8220;no&#8220; type=&#8220;full_width&#8220; angled_section=&#8220;no&#8220; text_align=&#8220;left&#8220; background_image_as_pattern=&#8220;without_pattern&#8220; css=&#8220;.vc_custom_1776251374305{padding-top: 50px !important;padding-bottom: 50px !important;}&#8220; z_index=&#8220;&#8220;][vc_column][vc_column_text css=&#8220;&#8220;] Europ\u00e4ischer Sozialfonds Plus [\/vc_column_text][vc_empty_space height=&#8220;15px&#8220;][vc_column_text css=&#8220;&#8220;]Beg\u00fcnstigte Einrichtung der Subventionen an Unternehmen und gleichwertige Einrichtungen des privaten Sektors, die an Ma\u00dfnahmen teilnehmen, die mit Mitteln des Europ\u00e4ischen Sozialfonds Plus im Rahmen&#8230;<\/p>\n","protected":false},"author":1,"featured_media":0,"parent":0,"menu_order":0,"comment_status":"closed","ping_status":"closed","template":"","meta":{"_joinchat":[],"footnotes":""},"class_list":["post-17601","page","type-page","status-publish","hentry"],"yoast_head":"<!-- This site is optimized with the Yoast SEO plugin v27.4 - https:\/\/yoast.com\/product\/yoast-seo-wordpress\/ -->\n<title>Europ\u00e4ischer Sozialfonds Plus - Cl\u00ednica Dental Naveiras<\/title>\n<meta name=\"robots\" content=\"index, follow, max-snippet:-1, max-image-preview:large, max-video-preview:-1\" \/>\n<link rel=\"canonical\" href=\"https:\/\/clinicadentalnaveiras.com\/de\/europaeischer-sozialfonds-plus\/\" \/>\n<meta property=\"og:locale\" content=\"de_DE\" \/>\n<meta property=\"og:type\" content=\"article\" \/>\n<meta property=\"og:title\" content=\"Europ\u00e4ischer Sozialfonds Plus - Cl\u00ednica Dental Naveiras\" \/>\n<meta property=\"og:description\" content=\"[vc_row css_animation=&#8220;&#8220; row_type=&#8220;row&#8220; use_row_as_full_screen_section=&#8220;no&#8220; type=&#8220;full_width&#8220; angled_section=&#8220;no&#8220; text_align=&#8220;left&#8220; background_image_as_pattern=&#8220;without_pattern&#8220; css=&#8220;.vc_custom_1776251374305{padding-top: 50px !important;padding-bottom: 50px !important;}&#8220; z_index=&#8220;&#8220;][vc_column][vc_column_text css=&#8220;&#8220;] Europ\u00e4ischer Sozialfonds Plus [\/vc_column_text][vc_empty_space height=&#8220;15px&#8220;][vc_column_text css=&#8220;&#8220;]Beg\u00fcnstigte Einrichtung der Subventionen an Unternehmen und gleichwertige Einrichtungen des privaten Sektors, die an Ma\u00dfnahmen teilnehmen, die mit Mitteln des Europ\u00e4ischen Sozialfonds Plus im Rahmen...\" \/>\n<meta property=\"og:url\" content=\"https:\/\/clinicadentalnaveiras.com\/de\/europaeischer-sozialfonds-plus\/\" \/>\n<meta property=\"og:site_name\" content=\"Cl\u00ednica Dental Naveiras\" \/>\n<meta property=\"article:publisher\" content=\"https:\/\/www.facebook.com\/clinicadentalnaveiras\" \/>\n<meta name=\"twitter:card\" content=\"summary_large_image\" \/>\n<meta name=\"twitter:site\" content=\"@DentalNaveiras\" \/>\n<meta name=\"twitter:label1\" content=\"Gesch\u00e4tzte Lesezeit\" \/>\n\t<meta name=\"twitter:data1\" content=\"1\u00a0Minute\" \/>\n<script type=\"application\/ld+json\" class=\"yoast-schema-graph\">{\"@context\":\"https:\\\/\\\/schema.org\",\"@graph\":[{\"@type\":\"WebPage\",\"@id\":\"https:\\\/\\\/clinicadentalnaveiras.com\\\/de\\\/europaeischer-sozialfonds-plus\\\/\",\"url\":\"https:\\\/\\\/clinicadentalnaveiras.com\\\/de\\\/europaeischer-sozialfonds-plus\\\/\",\"name\":\"Europ\u00e4ischer Sozialfonds Plus - Cl\u00ednica Dental Naveiras\",\"isPartOf\":{\"@id\":\"https:\\\/\\\/clinicadentalnaveiras.com\\\/de\\\/#website\"},\"datePublished\":\"2026-04-15T11:19:27+00:00\",\"breadcrumb\":{\"@id\":\"https:\\\/\\\/clinicadentalnaveiras.com\\\/de\\\/europaeischer-sozialfonds-plus\\\/#breadcrumb\"},\"inLanguage\":\"de\",\"potentialAction\":[{\"@type\":\"ReadAction\",\"target\":[\"https:\\\/\\\/clinicadentalnaveiras.com\\\/de\\\/europaeischer-sozialfonds-plus\\\/\"]}]},{\"@type\":\"BreadcrumbList\",\"@id\":\"https:\\\/\\\/clinicadentalnaveiras.com\\\/de\\\/europaeischer-sozialfonds-plus\\\/#breadcrumb\",\"itemListElement\":[{\"@type\":\"ListItem\",\"position\":1,\"name\":\"Portada\",\"item\":\"https:\\\/\\\/clinicadentalnaveiras.com\\\/de\\\/\"},{\"@type\":\"ListItem\",\"position\":2,\"name\":\"Europ\u00e4ischer Sozialfonds Plus\"}]},{\"@type\":\"WebSite\",\"@id\":\"https:\\\/\\\/clinicadentalnaveiras.com\\\/de\\\/#website\",\"url\":\"https:\\\/\\\/clinicadentalnaveiras.com\\\/de\\\/\",\"name\":\"Cl\u00ednica Dental Naveiras\",\"description\":\"Tenerife\",\"potentialAction\":[{\"@type\":\"SearchAction\",\"target\":{\"@type\":\"EntryPoint\",\"urlTemplate\":\"https:\\\/\\\/clinicadentalnaveiras.com\\\/de\\\/?s={search_term_string}\"},\"query-input\":{\"@type\":\"PropertyValueSpecification\",\"valueRequired\":true,\"valueName\":\"search_term_string\"}}],\"inLanguage\":\"de\"}]}<\/script>\n<!-- \/ Yoast SEO plugin. -->","yoast_head_json":{"title":"Europ\u00e4ischer Sozialfonds Plus - Cl\u00ednica Dental Naveiras","robots":{"index":"index","follow":"follow","max-snippet":"max-snippet:-1","max-image-preview":"max-image-preview:large","max-video-preview":"max-video-preview:-1"},"canonical":"https:\/\/clinicadentalnaveiras.com\/de\/europaeischer-sozialfonds-plus\/","og_locale":"de_DE","og_type":"article","og_title":"Europ\u00e4ischer Sozialfonds Plus - Cl\u00ednica Dental Naveiras","og_description":"[vc_row css_animation=&#8220;&#8220; row_type=&#8220;row&#8220; use_row_as_full_screen_section=&#8220;no&#8220; type=&#8220;full_width&#8220; angled_section=&#8220;no&#8220; text_align=&#8220;left&#8220; background_image_as_pattern=&#8220;without_pattern&#8220; css=&#8220;.vc_custom_1776251374305{padding-top: 50px !important;padding-bottom: 50px !important;}&#8220; z_index=&#8220;&#8220;][vc_column][vc_column_text css=&#8220;&#8220;] Europ\u00e4ischer Sozialfonds Plus [\/vc_column_text][vc_empty_space height=&#8220;15px&#8220;][vc_column_text css=&#8220;&#8220;]Beg\u00fcnstigte Einrichtung der Subventionen an Unternehmen und gleichwertige Einrichtungen des privaten Sektors, die an Ma\u00dfnahmen teilnehmen, die mit Mitteln des Europ\u00e4ischen Sozialfonds Plus im Rahmen...","og_url":"https:\/\/clinicadentalnaveiras.com\/de\/europaeischer-sozialfonds-plus\/","og_site_name":"Cl\u00ednica Dental Naveiras","article_publisher":"https:\/\/www.facebook.com\/clinicadentalnaveiras","twitter_card":"summary_large_image","twitter_site":"@DentalNaveiras","twitter_misc":{"Gesch\u00e4tzte Lesezeit":"1\u00a0Minute"},"schema":{"@context":"https:\/\/schema.org","@graph":[{"@type":"WebPage","@id":"https:\/\/clinicadentalnaveiras.com\/de\/europaeischer-sozialfonds-plus\/","url":"https:\/\/clinicadentalnaveiras.com\/de\/europaeischer-sozialfonds-plus\/","name":"Europ\u00e4ischer Sozialfonds Plus - Cl\u00ednica Dental Naveiras","isPartOf":{"@id":"https:\/\/clinicadentalnaveiras.com\/de\/#website"},"datePublished":"2026-04-15T11:19:27+00:00","breadcrumb":{"@id":"https:\/\/clinicadentalnaveiras.com\/de\/europaeischer-sozialfonds-plus\/#breadcrumb"},"inLanguage":"de","potentialAction":[{"@type":"ReadAction","target":["https:\/\/clinicadentalnaveiras.com\/de\/europaeischer-sozialfonds-plus\/"]}]},{"@type":"BreadcrumbList","@id":"https:\/\/clinicadentalnaveiras.com\/de\/europaeischer-sozialfonds-plus\/#breadcrumb","itemListElement":[{"@type":"ListItem","position":1,"name":"Portada","item":"https:\/\/clinicadentalnaveiras.com\/de\/"},{"@type":"ListItem","position":2,"name":"Europ\u00e4ischer Sozialfonds Plus"}]},{"@type":"WebSite","@id":"https:\/\/clinicadentalnaveiras.com\/de\/#website","url":"https:\/\/clinicadentalnaveiras.com\/de\/","name":"Cl\u00ednica Dental Naveiras","description":"Tenerife","potentialAction":[{"@type":"SearchAction","target":{"@type":"EntryPoint","urlTemplate":"https:\/\/clinicadentalnaveiras.com\/de\/?s={search_term_string}"},"query-input":{"@type":"PropertyValueSpecification","valueRequired":true,"valueName":"search_term_string"}}],"inLanguage":"de"}]}},"_links":{"self":[{"href":"https:\/\/clinicadentalnaveiras.com\/de\/wp-json\/wp\/v2\/pages\/17601","targetHints":{"allow":["GET"]}}],"collection":[{"href":"https:\/\/clinicadentalnaveiras.com\/de\/wp-json\/wp\/v2\/pages"}],"about":[{"href":"https:\/\/clinicadentalnaveiras.com\/de\/wp-json\/wp\/v2\/types\/page"}],"author":[{"embeddable":true,"href":"https:\/\/clinicadentalnaveiras.com\/de\/wp-json\/wp\/v2\/users\/1"}],"replies":[{"embeddable":true,"href":"https:\/\/clinicadentalnaveiras.com\/de\/wp-json\/wp\/v2\/comments?post=17601"}],"version-history":[{"count":3,"href":"https:\/\/clinicadentalnaveiras.com\/de\/wp-json\/wp\/v2\/pages\/17601\/revisions"}],"predecessor-version":[{"id":17604,"href":"https:\/\/clinicadentalnaveiras.com\/de\/wp-json\/wp\/v2\/pages\/17601\/revisions\/17604"}],"wp:attachment":[{"href":"https:\/\/clinicadentalnaveiras.com\/de\/wp-json\/wp\/v2\/media?parent=17601"}],"curies":[{"name":"wp","href":"https:\/\/api.w.org\/{rel}","templated":true}]}}