{"id":16705,"date":"2020-01-21T16:38:15","date_gmt":"2020-01-21T16:38:15","guid":{"rendered":"https:\/\/clinicadentalnaveiras.com\/?page_id=16705"},"modified":"2025-06-24T07:21:05","modified_gmt":"2025-06-24T07:21:05","slug":"home","status":"publish","type":"page","link":"https:\/\/clinicadentalnaveiras.com\/en\/","title":{"rendered":"Home"},"content":{"rendered":"<div class=\"wpb-content-wrapper\"><p>[vc_row css_animation=&#8221;&#8221; row_type=&#8221;row&#8221; use_row_as_full_screen_section=&#8221;no&#8221; type=&#8221;grid&#8221; angled_section=&#8221;no&#8221; text_align=&#8221;left&#8221; background_image_as_pattern=&#8221;without_pattern&#8221; border_color=&#8221;#e6e4e4&#8243; padding_top=&#8221;63&#8243; padding_bottom=&#8221;84&#8243;][vc_column][vc_column_text]<\/p>\n<h2 style=\"text-align: center;\">Featured Services<\/h2>\n<p>[\/vc_column_text][vc_separator type=&#8221;small&#8221; position=&#8221;center&#8221; up=&#8221;17&#8243; down=&#8221;29&#8243;][vc_column_text]<\/p>\n<h4 style=\"text-align: center;\">We have a wide range of services performed with the latest technologies and designed exclusively for you.<\/h4>\n<p>[\/vc_column_text][vc_separator type=&#8221;transparent&#8221; up=&#8221;35&#8243; down=&#8221;75&#8243;][vc_row_inner row_type=&#8221;row&#8221; type=&#8221;full_width&#8221; text_align=&#8221;left&#8221; css_animation=&#8221;&#8221;][vc_column_inner width=&#8221;1\/4&#8243;]<div class='q_icon_with_title very_large circle center '><div class=\"icon_holder \" style=\"margin: 0px 0px 32px 0px; \"><span data-icon-type=\"circle\" class=\"qode_iwt_icon_holder fa-stack fa-5x  \" style=\"font-size: 74px;border-color: #a6a7ab\"><i class=\"qode_icon_font_awesome fa fa-object-group qode_iwt_icon_element\" style=\"font-size: 55px;color: #a6a7ab\"><\/i><\/span><\/div><div class=\"icon_text_holder\" style=\"\"><div class=\"icon_text_inner\" style=\"\"><h5 class=\"icon_title\" style=\"\">3D Scanner<\/h5><p style=''>The new 3D scanner technology allows the professional to make a virtual anatomical reconstruction of the maxillary-mandibular area, which provides more information for a proper planning of any type of surgery.<\/p><\/div><\/div><\/div>[vc_separator type=&#8221;transparent&#8221; up=&#8221;24&#8243; down=&#8221;0&#8243;][\/vc_column_inner][vc_column_inner width=&#8221;1\/4&#8243;]<div class='q_icon_with_title very_large circle center '><div class=\"icon_holder \" style=\"margin: 0px 0px 32px 0px; \"><span data-icon-type=\"circle\" data-icon-hover-color=\"#cccccc\" data-icon-hover-bg-color=\"#cccccc\" class=\"qode_iwt_icon_holder fa-stack fa-5x  \" style=\"font-size: 74px;border-color: #a6a7ab\"><i class=\"qode_icon_font_awesome fa fa-eur qode_iwt_icon_element\" style=\"font-size: 55px;color: #a6a7ab\"><\/i><\/span><\/div><div class=\"icon_text_holder\" style=\"\"><div class=\"icon_text_inner\" style=\"\"><h5 class=\"icon_title\" style=\"\">Payments Facilities<\/h5><p style=''>We offer individualized payment options. We advise you to consult the different possibilities that may serve you in your specific case.<\/p><\/div><\/div><\/div>[vc_separator type=&#8221;transparent&#8221; up=&#8221;24&#8243; down=&#8221;0&#8243;][\/vc_column_inner][vc_column_inner width=&#8221;1\/4&#8243;]<div class='q_icon_with_title very_large circle center '><div class=\"icon_holder \" style=\"margin: 0px 0px 32px 0px; \"><span data-icon-type=\"circle\" class=\"qode_iwt_icon_holder fa-stack fa-5x  \" style=\"font-size: 74px;border-color: #a6a7ab\"><i class=\"qode_icon_font_awesome fa fa-h-square qode_iwt_icon_element\" style=\"font-size: 55px;color: #a6a7ab\"><\/i><\/span><\/div><div class=\"icon_text_holder\" style=\"\"><div class=\"icon_text_inner\" style=\"\"><h5 class=\"icon_title\" style=\"\">Hospital Care<\/h5><p style=''>To avoid discomfort and anxiety, our center offers the possibility of carrying out all treatments under conscious sedation in a single visit. We guarantee that the patient does not feel any pain during the process and at the same time is able to collaborate with the doctor.<\/p><\/div><\/div><\/div>[vc_separator type=&#8221;transparent&#8221; up=&#8221;24&#8243; down=&#8221;0&#8243;][\/vc_column_inner][vc_column_inner width=&#8221;1\/4&#8243;]<div class='q_icon_with_title very_large circle center '><div class=\"icon_holder \" style=\"margin: 0px 0px 32px 0px; \"><span data-icon-type=\"circle\" class=\"qode_iwt_icon_holder fa-stack fa-5x  \" style=\"font-size: 74px;border-color: #a6a7ab\"><i class=\"qode_icon_font_awesome fa fa-star qode_iwt_icon_element\" style=\"font-size: 55px;color: #a6a7ab\"><\/i><\/span><\/div><div class=\"icon_text_holder\" style=\"\"><div class=\"icon_text_inner\" style=\"\"><h5 class=\"icon_title\" style=\"\">Training<\/h5><p style=''>In Naveiras Dental Clinic we help professionals improve their training through courses and rotation programs in different clinical areas to acquire greater knowledge and skills, so that they can immediately transfer them to their daily practice.<\/p><\/div><\/div><\/div>[vc_separator type=&#8221;transparent&#8221; up=&#8221;24&#8243; down=&#8221;0&#8243;][\/vc_column_inner][\/vc_row_inner][\/vc_column][\/vc_row][vc_row css_animation=&#8221;&#8221; row_type=&#8221;row&#8221; use_row_as_full_screen_section=&#8221;no&#8221; type=&#8221;grid&#8221; angled_section=&#8221;no&#8221; text_align=&#8221;left&#8221; background_image_as_pattern=&#8221;without_pattern&#8221; background_color=&#8221;#f3f1f1&#8243; border_color=&#8221;#e6e4e4&#8243; padding_top=&#8221;114&#8243; padding_bottom=&#8221;120&#8243;][vc_column width=&#8221;1\/2&#8243;][vc_column_text]<\/p>\n<h2 style=\"text-align: left;\">Our Clinic<\/h2>\n<p>[\/vc_column_text][vc_separator type=&#8221;small&#8221; position=&#8221;left&#8221; up=&#8221;17&#8243; down=&#8221;38&#8243;][vc_column_text]<\/p>\n<h6 style=\"text-align: left;\">Excellence at the service of our patients.<\/h6>\n<p>[\/vc_column_text][vc_separator type=&#8221;transparent&#8221; up=&#8221;17&#8243; down=&#8221;0&#8243;][vc_column_text]Since 1986, with the object of differentiating ourselves from conventional dental centres, Naveiras Dental Clinic has been growing, evolving and incorporating the latest technologies and advances in the dental world as well as offering the highest quality of preventive and restorative treatments available in the current dental \u00e1rea.<br \/>\n[\/vc_column_text][vc_separator type=&#8221;transparent&#8221; up=&#8221;31&#8243; down=&#8221;0&#8243;]<a  itemprop=\"url\" href=\"https:\/\/clinicadentalnaveiras.com\/en\/our-clinic\/\" target=\"_self\"  class=\"qbutton  default\" style=\"\">More info<\/a>[\/vc_column][vc_column width=&#8221;1\/2&#8243;][vc_separator type=&#8221;transparent&#8221; up=&#8221;26&#8243; down=&#8221;0&#8243;][vc_video link=&#8221;https:\/\/youtu.be\/oc7TOacnzh0&#8243;][\/vc_column][\/vc_row][vc_row css_animation=&#8221;&#8221; row_type=&#8221;row&#8221; use_row_as_full_screen_section=&#8221;no&#8221; type=&#8221;full_width&#8221; angled_section=&#8221;no&#8221; text_align=&#8221;left&#8221; background_image_as_pattern=&#8221;without_pattern&#8221; border_color=&#8221;#e6e4e4&#8243;][vc_column]<div class=\"call_to_action normal\" style=\"background-color: #ffffff;\"><div class=\"container_inner\"><div class=\"two_columns_75_25 clearfix\"><div class=\"text_wrapper column1\"><div class=\"call_to_action_text \" style=\"\">\n<h5>Request an appointment<\/h5>\n<p>Please contact us and we will inform you about the treatment that best suits your needs.<\/div><\/div><div class=\"button_wrapper column2\"><a itemprop=\"url\" href=\"https:\/\/clinicadentalnaveiras.com\/en\/request-an-appointment\/\" class=\"qbutton white \" target=\"\" style=\"color: #ffffff;background-color:#616b63;\" data-hover-background-color=#363636 data-hover-color=#ffffff>Contact<\/a><\/div><\/div><\/div><\/div>[\/vc_column][\/vc_row][vc_row css_animation=&#8221;&#8221; row_type=&#8221;row&#8221; use_row_as_full_screen_section=&#8221;no&#8221; type=&#8221;grid&#8221; angled_section=&#8221;no&#8221; text_align=&#8221;left&#8221; background_image_as_pattern=&#8221;without_pattern&#8221; background_color=&#8221;#f3f1f1&#8243; padding_top=&#8221;69&#8243; padding_bottom=&#8221;118&#8243;][vc_column width=&#8221;1\/2&#8243;][vc_separator type=&#8221;transparent&#8221; up=&#8221;31&#8243;][vc_video link=&#8221;https:\/\/vimeo.com\/387482914&#8243;][\/vc_column][vc_column width=&#8221;1\/2&#8243;][vc_separator type=&#8221;transparent&#8221; up=&#8221;44&#8243; down=&#8221;0&#8243;][vc_column_text]<\/p>\n<h2 style=\"text-align: left;\">Treatments<\/h2>\n<p>[\/vc_column_text][vc_separator type=&#8221;small&#8221; position=&#8221;left&#8221; up=&#8221;17&#8243; down=&#8221;38&#8243;][vc_column_text]<\/p>\n<h6 style=\"text-align: left;\">We offer the best dental treatments with the best quality and high professionalism.<\/h6>\n<p>[\/vc_column_text][vc_separator type=&#8221;transparent&#8221; up=&#8221;17&#8243; down=&#8221;0&#8243;][vc_column_text]We use the latest technologies in dental aesthetics and our specialists use the most innovative techniques in dentistry and dental implants, to provide a high quality service.[\/vc_column_text][vc_separator type=&#8221;transparent&#8221; up=&#8221;26&#8243; down=&#8221;0&#8243;]<a  itemprop=\"url\" href=\"https:\/\/clinicadentalnaveiras.com\/en\/treatments\/\" target=\"_self\"  class=\"qbutton  default\" style=\"\">More Info<\/a>[\/vc_column][\/vc_row][vc_row css_animation=&#8221;&#8221; row_type=&#8221;row&#8221; use_row_as_full_screen_section=&#8221;no&#8221; type=&#8221;grid&#8221; angled_section=&#8221;no&#8221; text_align=&#8221;left&#8221; background_image_as_pattern=&#8221;without_pattern&#8221; background_color=&#8221;#ffffff&#8221; padding_top=&#8221;69&#8243; padding_bottom=&#8221;118&#8243;][vc_column width=&#8221;1\/2&#8243;][vc_separator type=&#8221;transparent&#8221; up=&#8221;44&#8243; down=&#8221;0&#8243;][vc_column_text]<\/p>\n<h2 style=\"text-align: left;\">AENOR Certificate<\/h2>\n<p>[\/vc_column_text][vc_separator type=&#8221;small&#8221; position=&#8221;left&#8221; up=&#8221;17&#8243; down=&#8221;38&#8243;][vc_column_text]<\/p>\n<h6 style=\"text-align: left;\">Quality management system.<\/h6>\n<p>[\/vc_column_text][vc_separator type=&#8221;transparent&#8221; up=&#8221;17&#8243; down=&#8221;0&#8243;][vc_column_text]<\/p>\n<p class=\"TextoDesc\">The Spanish Association for Standardization and Certification (<strong>AENOR<\/strong>) has granted <strong>Naveiras Dental Clinic <\/strong> and its facilities the Certificate of Quality Management System in accordance with <strong><em>ISO 9001:2015<\/em><\/strong><\/p>\n<p>[\/vc_column_text][vc_separator type=&#8221;transparent&#8221; up=&#8221;26&#8243; down=&#8221;0&#8243;][vc_column_text]<\/p>\n<p class=\"TextoDesc\"><strong>AENOR<\/strong> aims to contribute to the welfare of our society as a whole. Thanks to the outstanding development experienced by both standardization and certification, many groups find in these activities effective responses to real needs they have raised.<\/p>\n<p class=\"TextoDesc\">There are more and more norms that refer to direct concerns of large groups of our society. Nursing homes, safety in playgrounds, rural accommodation or dental clinics are some examples.<\/p>\n<p>[\/vc_column_text][vc_separator type=&#8221;transparent&#8221; up=&#8221;26&#8243; down=&#8221;0&#8243;][vc_column_text]<\/p>\n<p class=\"TextoDesc\">On the other hand, AENOR supports the development of more than 40 countries through cooperation projects. They are aimed at strengthening their normalization structures and therefore the strength of their economies.<\/p>\n<p>Regarding certification, it makes companies more competitive because:<\/p>\n<ul>\n<li>They eliminate the non-quality costs.<\/li>\n<li>They improve the knowledge of the processes.<\/li>\n<li>They increase staff commitment.<\/li>\n<li>They convey confidence to all external audiences.<\/li>\n<\/ul>\n<p>[\/vc_column_text][vc_separator type=&#8221;transparent&#8221; up=&#8221;26&#8243; down=&#8221;0&#8243;]<a  itemprop=\"url\" href=\"https:\/\/clinicadentalnaveiras.com\/wp-content\/uploads\/2024\/01\/AENOR-IQnet-2024.pdf\" target=\"_blank\"  class=\"qbutton  medium default\" style=\"\">See certificate<i class=\"qode_icon_font_awesome fa fa-arrow-circle-down qode_button_icon_element\"><\/i><\/a>[vc_separator type=&#8221;transparent&#8221; up=&#8221;18&#8243; down=&#8221;0&#8243;][vc_single_image image=&#8221;16511&#8243; img_size=&#8221;full&#8221; qode_css_animation=&#8221;&#8221;][vc_separator type=&#8221;transparent&#8221; up=&#8221;26&#8243; down=&#8221;0&#8243;][\/vc_column][vc_column width=&#8221;1\/2&#8243;][vc_separator type=&#8221;transparent&#8221; up=&#8221;31&#8243; down=&#8221;0&#8243;][vc_single_image image=&#8221;17557&#8243; img_size=&#8221;full&#8221; css=&#8221;&#8221; qode_css_animation=&#8221;&#8221;][vc_separator type=&#8221;transparent&#8221; up=&#8221;18&#8243; down=&#8221;0&#8243;][\/vc_column][\/vc_row]<\/p>\n<\/div>","protected":false},"excerpt":{"rendered":"<p>[vc_row css_animation=&#8221;&#8221; row_type=&#8221;row&#8221; use_row_as_full_screen_section=&#8221;no&#8221; type=&#8221;grid&#8221; angled_section=&#8221;no&#8221; text_align=&#8221;left&#8221; background_image_as_pattern=&#8221;without_pattern&#8221; border_color=&#8221;#e6e4e4&#8243; padding_top=&#8221;63&#8243; padding_bottom=&#8221;84&#8243;][vc_column][vc_column_text] Featured Services [\/vc_column_text][vc_separator type=&#8221;small&#8221; position=&#8221;center&#8221; up=&#8221;17&#8243; down=&#8221;29&#8243;][vc_column_text] We have a wide range of services performed with the latest technologies and designed exclusively for you. [\/vc_column_text][vc_separator type=&#8221;transparent&#8221; up=&#8221;35&#8243; down=&#8221;75&#8243;][vc_row_inner row_type=&#8221;row&#8221; type=&#8221;full_width&#8221; text_align=&#8221;left&#8221; css_animation=&#8221;&#8221;][vc_column_inner width=&#8221;1\/4&#8243;][vc_separator type=&#8221;transparent&#8221;&#8230;<\/p>\n","protected":false},"author":1,"featured_media":0,"parent":0,"menu_order":0,"comment_status":"closed","ping_status":"closed","template":"full_width.php","meta":{"_joinchat":[],"footnotes":""},"class_list":["post-16705","page","type-page","status-publish","hentry"],"yoast_head":"<!-- This site is optimized with the Yoast SEO plugin v27.2 - https:\/\/yoast.com\/product\/yoast-seo-wordpress\/ -->\n<title>Naveiras Dental Clinic | Your Dentist in Santa Cruz de Tenerife<\/title>\n<meta name=\"description\" content=\"Bienvenido a la Cl\u00ednica dental Naveiras con m\u00e1s de 30 a\u00f1os de experiencia en odontolog\u00eda e implantes dentales en Tenerife. Ll\u00e1manos al 922 244 431\" \/>\n<meta name=\"robots\" content=\"index, follow, max-snippet:-1, max-image-preview:large, max-video-preview:-1\" \/>\n<link rel=\"canonical\" href=\"https:\/\/clinicadentalnaveiras.com\/en\/\" \/>\n<meta property=\"og:locale\" content=\"en_US\" \/>\n<meta property=\"og:type\" content=\"article\" \/>\n<meta property=\"og:title\" content=\"Naveiras Dental Clinic | Your Dentist in Santa Cruz de Tenerife\" \/>\n<meta property=\"og:description\" content=\"Bienvenido a la Cl\u00ednica dental Naveiras con m\u00e1s de 30 a\u00f1os de experiencia en odontolog\u00eda e implantes dentales en Tenerife. Ll\u00e1manos al 922 244 431\" \/>\n<meta property=\"og:url\" content=\"https:\/\/clinicadentalnaveiras.com\/en\/\" \/>\n<meta property=\"og:site_name\" content=\"Naveiras Dental Clinic\" \/>\n<meta property=\"article:publisher\" content=\"https:\/\/www.facebook.com\/clinicadentalnaveiras\" \/>\n<meta property=\"article:modified_time\" content=\"2025-06-24T07:21:05+00:00\" \/>\n<meta name=\"twitter:card\" content=\"summary_large_image\" \/>\n<meta name=\"twitter:site\" content=\"@DentalNaveiras\" \/>\n<meta name=\"twitter:label1\" content=\"Est. reading time\" \/>\n\t<meta name=\"twitter:data1\" content=\"4 minutes\" \/>\n<script type=\"application\/ld+json\" class=\"yoast-schema-graph\">{\"@context\":\"https:\/\/schema.org\",\"@graph\":[{\"@type\":\"WebPage\",\"@id\":\"https:\/\/clinicadentalnaveiras.com\/en\/\",\"url\":\"https:\/\/clinicadentalnaveiras.com\/en\/\",\"name\":\"Naveiras Dental Clinic | Your Dentist in Santa Cruz de Tenerife\",\"isPartOf\":{\"@id\":\"https:\/\/clinicadentalnaveiras.com\/de\/#website\"},\"datePublished\":\"2020-01-21T16:38:15+00:00\",\"dateModified\":\"2025-06-24T07:21:05+00:00\",\"description\":\"Bienvenido a la Cl\u00ednica dental Naveiras con m\u00e1s de 30 a\u00f1os de experiencia en odontolog\u00eda e implantes dentales en Tenerife. Ll\u00e1manos al 922 244 431\",\"breadcrumb\":{\"@id\":\"https:\/\/clinicadentalnaveiras.com\/en\/#breadcrumb\"},\"inLanguage\":\"en-US\",\"potentialAction\":[{\"@type\":\"ReadAction\",\"target\":[\"https:\/\/clinicadentalnaveiras.com\/en\/\"]}]},{\"@type\":\"BreadcrumbList\",\"@id\":\"https:\/\/clinicadentalnaveiras.com\/en\/#breadcrumb\",\"itemListElement\":[{\"@type\":\"ListItem\",\"position\":1,\"name\":\"Portada\",\"item\":\"https:\/\/clinicadentalnaveiras.com\/en\/\"},{\"@type\":\"ListItem\",\"position\":2,\"name\":\"Home\"}]},{\"@type\":\"WebSite\",\"@id\":\"https:\/\/clinicadentalnaveiras.com\/de\/#website\",\"url\":\"https:\/\/clinicadentalnaveiras.com\/de\/\",\"name\":\"Naveiras Dental Clinic\",\"description\":\"Tenerife\",\"potentialAction\":[{\"@type\":\"SearchAction\",\"target\":{\"@type\":\"EntryPoint\",\"urlTemplate\":\"https:\/\/clinicadentalnaveiras.com\/de\/?s={search_term_string}\"},\"query-input\":{\"@type\":\"PropertyValueSpecification\",\"valueRequired\":true,\"valueName\":\"search_term_string\"}}],\"inLanguage\":\"en-US\"}]}<\/script>\n<!-- \/ Yoast SEO plugin. -->","yoast_head_json":{"title":"Naveiras Dental Clinic | Your Dentist in Santa Cruz de Tenerife","description":"Bienvenido a la Cl\u00ednica dental Naveiras con m\u00e1s de 30 a\u00f1os de experiencia en odontolog\u00eda e implantes dentales en Tenerife. Ll\u00e1manos al 922 244 431","robots":{"index":"index","follow":"follow","max-snippet":"max-snippet:-1","max-image-preview":"max-image-preview:large","max-video-preview":"max-video-preview:-1"},"canonical":"https:\/\/clinicadentalnaveiras.com\/en\/","og_locale":"en_US","og_type":"article","og_title":"Naveiras Dental Clinic | Your Dentist in Santa Cruz de Tenerife","og_description":"Bienvenido a la Cl\u00ednica dental Naveiras con m\u00e1s de 30 a\u00f1os de experiencia en odontolog\u00eda e implantes dentales en Tenerife. Ll\u00e1manos al 922 244 431","og_url":"https:\/\/clinicadentalnaveiras.com\/en\/","og_site_name":"Naveiras Dental Clinic","article_publisher":"https:\/\/www.facebook.com\/clinicadentalnaveiras","article_modified_time":"2025-06-24T07:21:05+00:00","twitter_card":"summary_large_image","twitter_site":"@DentalNaveiras","twitter_misc":{"Est. reading time":"4 minutes"},"schema":{"@context":"https:\/\/schema.org","@graph":[{"@type":"WebPage","@id":"https:\/\/clinicadentalnaveiras.com\/en\/","url":"https:\/\/clinicadentalnaveiras.com\/en\/","name":"Naveiras Dental Clinic | Your Dentist in Santa Cruz de Tenerife","isPartOf":{"@id":"https:\/\/clinicadentalnaveiras.com\/de\/#website"},"datePublished":"2020-01-21T16:38:15+00:00","dateModified":"2025-06-24T07:21:05+00:00","description":"Bienvenido a la Cl\u00ednica dental Naveiras con m\u00e1s de 30 a\u00f1os de experiencia en odontolog\u00eda e implantes dentales en Tenerife. Ll\u00e1manos al 922 244 431","breadcrumb":{"@id":"https:\/\/clinicadentalnaveiras.com\/en\/#breadcrumb"},"inLanguage":"en-US","potentialAction":[{"@type":"ReadAction","target":["https:\/\/clinicadentalnaveiras.com\/en\/"]}]},{"@type":"BreadcrumbList","@id":"https:\/\/clinicadentalnaveiras.com\/en\/#breadcrumb","itemListElement":[{"@type":"ListItem","position":1,"name":"Portada","item":"https:\/\/clinicadentalnaveiras.com\/en\/"},{"@type":"ListItem","position":2,"name":"Home"}]},{"@type":"WebSite","@id":"https:\/\/clinicadentalnaveiras.com\/de\/#website","url":"https:\/\/clinicadentalnaveiras.com\/de\/","name":"Naveiras Dental Clinic","description":"Tenerife","potentialAction":[{"@type":"SearchAction","target":{"@type":"EntryPoint","urlTemplate":"https:\/\/clinicadentalnaveiras.com\/de\/?s={search_term_string}"},"query-input":{"@type":"PropertyValueSpecification","valueRequired":true,"valueName":"search_term_string"}}],"inLanguage":"en-US"}]}},"_links":{"self":[{"href":"https:\/\/clinicadentalnaveiras.com\/en\/wp-json\/wp\/v2\/pages\/16705","targetHints":{"allow":["GET"]}}],"collection":[{"href":"https:\/\/clinicadentalnaveiras.com\/en\/wp-json\/wp\/v2\/pages"}],"about":[{"href":"https:\/\/clinicadentalnaveiras.com\/en\/wp-json\/wp\/v2\/types\/page"}],"author":[{"embeddable":true,"href":"https:\/\/clinicadentalnaveiras.com\/en\/wp-json\/wp\/v2\/users\/1"}],"replies":[{"embeddable":true,"href":"https:\/\/clinicadentalnaveiras.com\/en\/wp-json\/wp\/v2\/comments?post=16705"}],"version-history":[{"count":16,"href":"https:\/\/clinicadentalnaveiras.com\/en\/wp-json\/wp\/v2\/pages\/16705\/revisions"}],"predecessor-version":[{"id":17560,"href":"https:\/\/clinicadentalnaveiras.com\/en\/wp-json\/wp\/v2\/pages\/16705\/revisions\/17560"}],"wp:attachment":[{"href":"https:\/\/clinicadentalnaveiras.com\/en\/wp-json\/wp\/v2\/media?parent=16705"}],"curies":[{"name":"wp","href":"https:\/\/api.w.org\/{rel}","templated":true}]}}